{"id":41,"date":"2022-08-29T06:21:37","date_gmt":"2022-08-29T06:21:37","guid":{"rendered":"https:\/\/cane.com.pl\/?page_id=41"},"modified":"2022-08-30T11:07:08","modified_gmt":"2022-08-30T11:07:08","slug":"drob","status":"publish","type":"page","link":"https:\/\/cane.com.pl\/index.php\/drob\/","title":{"rendered":"Dr\u00f3b"},"content":{"rendered":"\t\t<div data-elementor-type=\"wp-page\" data-elementor-id=\"41\" class=\"elementor elementor-41\">\n\t\t\t\t\t\t\t\t\t<section class=\"elementor-section elementor-top-section elementor-element elementor-element-42ee095 elementor-section-boxed elementor-section-height-default elementor-section-height-default\" data-id=\"42ee095\" data-element_type=\"section\">\n\t\t\t\t\t\t<div class=\"elementor-container elementor-column-gap-default\">\n\t\t\t\t\t<div class=\"elementor-column elementor-col-50 elementor-top-column elementor-element elementor-element-22e45b6\" data-id=\"22e45b6\" data-element_type=\"column\">\n\t\t\t<div class=\"elementor-widget-wrap elementor-element-populated\">\n\t\t\t\t\t\t\t\t<div class=\"elementor-element elementor-element-a88cf07 elementor-widget elementor-widget-image\" data-id=\"a88cf07\" data-element_type=\"widget\" data-widget_type=\"image.default\">\n\t\t\t\t<div class=\"elementor-widget-container\">\n\t\t\t<style>\/*! elementor - v3.8.0 - 30-10-2022 *\/\n.elementor-widget-image{text-align:center}.elementor-widget-image a{display:inline-block}.elementor-widget-image a img[src$=\".svg\"]{width:48px}.elementor-widget-image img{vertical-align:middle;display:inline-block}<\/style>\t\t\t\t\t\t\t\t\t\t\t\t\t<a href=\"https:\/\/cane.com.pl\/index.php\/wyscielenia-transportowe\/\">\n\t\t\t\t\t\t\t<img loading=\"lazy\" decoding=\"async\" width=\"960\" height=\"740\" src=\"https:\/\/cane.com.pl\/wp-content\/uploads\/2022\/08\/wklad-pisklak-1-1024x789.jpg\" class=\"attachment-large size-large\" alt=\"\" srcset=\"https:\/\/cane.com.pl\/wp-content\/uploads\/2022\/08\/wklad-pisklak-1-1024x789.jpg 1024w, https:\/\/cane.com.pl\/wp-content\/uploads\/2022\/08\/wklad-pisklak-1-300x231.jpg 300w, https:\/\/cane.com.pl\/wp-content\/uploads\/2022\/08\/wklad-pisklak-1-768x592.jpg 768w, https:\/\/cane.com.pl\/wp-content\/uploads\/2022\/08\/wklad-pisklak-1-1536x1183.jpg 1536w, https:\/\/cane.com.pl\/wp-content\/uploads\/2022\/08\/wklad-pisklak-1-2048x1578.jpg 2048w, https:\/\/cane.com.pl\/wp-content\/uploads\/2022\/08\/wklad-pisklak-1-1140x878.jpg 1140w\" sizes=\"auto, (max-width: 960px) 100vw, 960px\" \/>\t\t\t\t\t\t\t\t<\/a>\n\t\t\t\t\t\t\t\t\t\t\t\t\t\t\t<\/div>\n\t\t\t\t<\/div>\n\t\t\t\t\t<\/div>\n\t\t<\/div>\n\t\t\t\t<div class=\"elementor-column elementor-col-50 elementor-top-column elementor-element elementor-element-04366e3\" data-id=\"04366e3\" data-element_type=\"column\">\n\t\t\t<div class=\"elementor-widget-wrap elementor-element-populated\">\n\t\t\t\t\t\t\t\t<div class=\"elementor-element elementor-element-b2ed31d elementor-align-center elementor-widget elementor-widget-button\" data-id=\"b2ed31d\" data-element_type=\"widget\" data-widget_type=\"button.default\">\n\t\t\t\t<div class=\"elementor-widget-container\">\n\t\t\t\t\t<div class=\"elementor-button-wrapper\">\n\t\t\t<a href=\"https:\/\/cane.com.pl\/index.php\/wyscielenia-transportowe\/\" class=\"elementor-button-link elementor-button elementor-size-md\" role=\"button\">\n\t\t\t\t\t\t<span class=\"elementor-button-content-wrapper\">\n\t\t\t\t\t\t<span class=\"elementor-button-text\">Wy\u015bcielenie transportowe<\/span>\n\t\t<\/span>\n\t\t\t\t\t<\/a>\n\t\t<\/div>\n\t\t\t\t<\/div>\n\t\t\t\t<\/div>\n\t\t\t\t<div class=\"elementor-element elementor-element-d797ebe elementor-widget elementor-widget-text-editor\" data-id=\"d797ebe\" data-element_type=\"widget\" data-widget_type=\"text-editor.default\">\n\t\t\t\t<div class=\"elementor-widget-container\">\n\t\t\t<style>\/*! elementor - v3.8.0 - 30-10-2022 *\/\n.elementor-widget-text-editor.elementor-drop-cap-view-stacked .elementor-drop-cap{background-color:#818a91;color:#fff}.elementor-widget-text-editor.elementor-drop-cap-view-framed .elementor-drop-cap{color:#818a91;border:3px solid;background-color:transparent}.elementor-widget-text-editor:not(.elementor-drop-cap-view-default) .elementor-drop-cap{margin-top:8px}.elementor-widget-text-editor:not(.elementor-drop-cap-view-default) .elementor-drop-cap-letter{width:1em;height:1em}.elementor-widget-text-editor .elementor-drop-cap{float:left;text-align:center;line-height:1;font-size:50px}.elementor-widget-text-editor .elementor-drop-cap-letter{display:inline-block}<\/style>\t\t\t\t<p style=\"text-align: left; padding-left: 40px;\"><span style=\"font-size: 10pt; font-family: georgia, palatino, serif;\">Wy\u015bcielenie trandportowe: Przyspiesza proces sk\u0142adania karton\u00f3w oraz zwi\u0119ksza czysto\u015b\u0107 transporter\u00f3w<\/span><\/p>\t\t\t\t\t\t<\/div>\n\t\t\t\t<\/div>\n\t\t\t\t\t<\/div>\n\t\t<\/div>\n\t\t\t\t\t\t\t<\/div>\n\t\t<\/section>\n\t\t\t\t<section class=\"elementor-section elementor-top-section elementor-element elementor-element-01c7693 elementor-section-boxed elementor-section-height-default elementor-section-height-default\" data-id=\"01c7693\" data-element_type=\"section\">\n\t\t\t\t\t\t<div class=\"elementor-container elementor-column-gap-default\">\n\t\t\t\t\t<div class=\"elementor-column elementor-col-50 elementor-top-column elementor-element elementor-element-0791f33\" data-id=\"0791f33\" data-element_type=\"column\">\n\t\t\t<div class=\"elementor-widget-wrap elementor-element-populated\">\n\t\t\t\t\t\t\t\t<div class=\"elementor-element elementor-element-de3c8a7 elementor-align-center elementor-widget elementor-widget-button\" data-id=\"de3c8a7\" data-element_type=\"widget\" data-widget_type=\"button.default\">\n\t\t\t\t<div class=\"elementor-widget-container\">\n\t\t\t\t\t<div class=\"elementor-button-wrapper\">\n\t\t\t<a href=\"https:\/\/cane.com.pl\/index.php\/papier-dla-pisklat\/\" class=\"elementor-button-link elementor-button elementor-size-md\" role=\"button\">\n\t\t\t\t\t\t<span class=\"elementor-button-content-wrapper\">\n\t\t\t\t\t\t<span class=\"elementor-button-text\">Papier dla piskl\u0105t<\/span>\n\t\t<\/span>\n\t\t\t\t\t<\/a>\n\t\t<\/div>\n\t\t\t\t<\/div>\n\t\t\t\t<\/div>\n\t\t\t\t<div class=\"elementor-element elementor-element-9e64366 elementor-widget elementor-widget-text-editor\" data-id=\"9e64366\" data-element_type=\"widget\" data-widget_type=\"text-editor.default\">\n\t\t\t\t<div class=\"elementor-widget-container\">\n\t\t\t\t\t\t\t<p><span style=\"font-size: 10pt;\">Papier dla piskl\u0105t u\u0142atwia i przyspiesza karmienie pisklak\u00f3w jednodniowych. Najwiekszym plusem jest biodegradacja po paru dniac<\/span>h<\/p>\t\t\t\t\t\t<\/div>\n\t\t\t\t<\/div>\n\t\t\t\t\t<\/div>\n\t\t<\/div>\n\t\t\t\t<div class=\"elementor-column elementor-col-50 elementor-top-column elementor-element elementor-element-85215ae\" data-id=\"85215ae\" data-element_type=\"column\">\n\t\t\t<div class=\"elementor-widget-wrap elementor-element-populated\">\n\t\t\t\t\t\t\t\t<div class=\"elementor-element elementor-element-84f2a6a elementor-widget elementor-widget-image\" data-id=\"84f2a6a\" data-element_type=\"widget\" data-widget_type=\"image.default\">\n\t\t\t\t<div class=\"elementor-widget-container\">\n\t\t\t\t\t\t\t\t\t\t\t\t\t\t\t\t<a href=\"https:\/\/cane.com.pl\/index.php\/papier-dla-pisklat\/\">\n\t\t\t\t\t\t\t<img loading=\"lazy\" decoding=\"async\" width=\"960\" height=\"640\" src=\"https:\/\/cane.com.pl\/wp-content\/uploads\/2022\/08\/rulon_papier-1024x683.jpg\" class=\"attachment-large size-large\" alt=\"\" srcset=\"https:\/\/cane.com.pl\/wp-content\/uploads\/2022\/08\/rulon_papier-1024x683.jpg 1024w, https:\/\/cane.com.pl\/wp-content\/uploads\/2022\/08\/rulon_papier-300x200.jpg 300w, https:\/\/cane.com.pl\/wp-content\/uploads\/2022\/08\/rulon_papier-768x512.jpg 768w, https:\/\/cane.com.pl\/wp-content\/uploads\/2022\/08\/rulon_papier-1536x1024.jpg 1536w, https:\/\/cane.com.pl\/wp-content\/uploads\/2022\/08\/rulon_papier-2048x1365.jpg 2048w, https:\/\/cane.com.pl\/wp-content\/uploads\/2022\/08\/rulon_papier-1140x760.jpg 1140w\" sizes=\"auto, (max-width: 960px) 100vw, 960px\" \/>\t\t\t\t\t\t\t\t<\/a>\n\t\t\t\t\t\t\t\t\t\t\t\t\t\t\t<\/div>\n\t\t\t\t<\/div>\n\t\t\t\t\t<\/div>\n\t\t<\/div>\n\t\t\t\t\t\t\t<\/div>\n\t\t<\/section>\n\t\t\t\t<section class=\"elementor-section elementor-top-section elementor-element elementor-element-a379269 elementor-section-boxed elementor-section-height-default elementor-section-height-default\" data-id=\"a379269\" data-element_type=\"section\">\n\t\t\t\t\t\t<div class=\"elementor-container elementor-column-gap-default\">\n\t\t\t\t\t<div class=\"elementor-column elementor-col-50 elementor-top-column elementor-element elementor-element-64b33d5\" data-id=\"64b33d5\" data-element_type=\"column\">\n\t\t\t<div class=\"elementor-widget-wrap elementor-element-populated\">\n\t\t\t\t\t\t\t\t<div class=\"elementor-element elementor-element-7bec2fa elementor-widget elementor-widget-image\" data-id=\"7bec2fa\" data-element_type=\"widget\" data-widget_type=\"image.default\">\n\t\t\t\t<div class=\"elementor-widget-container\">\n\t\t\t\t\t\t\t\t\t\t\t\t\t\t\t\t<a href=\"https:\/\/cane.com.pl\/index.php\/papier-do-odchowalni\/\">\n\t\t\t\t\t\t\t<img loading=\"lazy\" decoding=\"async\" width=\"960\" height=\"640\" src=\"https:\/\/cane.com.pl\/wp-content\/uploads\/2022\/08\/cropped-papier_detal_2-scaled-1-1024x683.jpg\" class=\"attachment-large size-large\" alt=\"\" srcset=\"https:\/\/cane.com.pl\/wp-content\/uploads\/2022\/08\/cropped-papier_detal_2-scaled-1-1024x683.jpg 1024w, https:\/\/cane.com.pl\/wp-content\/uploads\/2022\/08\/cropped-papier_detal_2-scaled-1-300x200.jpg 300w, https:\/\/cane.com.pl\/wp-content\/uploads\/2022\/08\/cropped-papier_detal_2-scaled-1-768x512.jpg 768w, https:\/\/cane.com.pl\/wp-content\/uploads\/2022\/08\/cropped-papier_detal_2-scaled-1-1536x1024.jpg 1536w, https:\/\/cane.com.pl\/wp-content\/uploads\/2022\/08\/cropped-papier_detal_2-scaled-1-2048x1366.jpg 2048w, https:\/\/cane.com.pl\/wp-content\/uploads\/2022\/08\/cropped-papier_detal_2-scaled-1-1140x760.jpg 1140w\" sizes=\"auto, (max-width: 960px) 100vw, 960px\" \/>\t\t\t\t\t\t\t\t<\/a>\n\t\t\t\t\t\t\t\t\t\t\t\t\t\t\t<\/div>\n\t\t\t\t<\/div>\n\t\t\t\t\t<\/div>\n\t\t<\/div>\n\t\t\t\t<div class=\"elementor-column elementor-col-50 elementor-top-column elementor-element elementor-element-9668a69\" data-id=\"9668a69\" data-element_type=\"column\">\n\t\t\t<div class=\"elementor-widget-wrap elementor-element-populated\">\n\t\t\t\t\t\t\t\t<div class=\"elementor-element elementor-element-705e658 elementor-align-center elementor-widget elementor-widget-button\" data-id=\"705e658\" data-element_type=\"widget\" data-widget_type=\"button.default\">\n\t\t\t\t<div class=\"elementor-widget-container\">\n\t\t\t\t\t<div class=\"elementor-button-wrapper\">\n\t\t\t<a href=\"https:\/\/cane.com.pl\/index.php\/papier-do-odchowalni\/\" class=\"elementor-button-link elementor-button elementor-size-md\" role=\"button\">\n\t\t\t\t\t\t<span class=\"elementor-button-content-wrapper\">\n\t\t\t\t\t\t<span class=\"elementor-button-text\">Papier do odchowu<\/span>\n\t\t<\/span>\n\t\t\t\t\t<\/a>\n\t\t<\/div>\n\t\t\t\t<\/div>\n\t\t\t\t<\/div>\n\t\t\t\t<div class=\"elementor-element elementor-element-60f0904 elementor-widget elementor-widget-text-editor\" data-id=\"60f0904\" data-element_type=\"widget\" data-widget_type=\"text-editor.default\">\n\t\t\t\t<div class=\"elementor-widget-container\">\n\t\t\t\t\t\t\t<p><span style=\"font-size: 10pt;\">Papier do odchowu zwany r\u00f3wnie\u017c groszkowym zapewnia izolacje termiczn\u0105 oraz wch\u0142ania zanieczyszczenia<\/span><\/p>\t\t\t\t\t\t<\/div>\n\t\t\t\t<\/div>\n\t\t\t\t\t<\/div>\n\t\t<\/div>\n\t\t\t\t\t\t\t<\/div>\n\t\t<\/section>\n\t\t\t\t<section class=\"elementor-section elementor-top-section elementor-element elementor-element-2244856 elementor-section-boxed elementor-section-height-default elementor-section-height-default\" data-id=\"2244856\" data-element_type=\"section\">\n\t\t\t\t\t\t<div class=\"elementor-container elementor-column-gap-default\">\n\t\t\t\t\t<div class=\"elementor-column elementor-col-50 elementor-top-column elementor-element elementor-element-c2f6ddc\" data-id=\"c2f6ddc\" data-element_type=\"column\">\n\t\t\t<div class=\"elementor-widget-wrap elementor-element-populated\">\n\t\t\t\t\t\t\t\t<div class=\"elementor-element elementor-element-d21e74a elementor-align-center elementor-widget elementor-widget-button\" data-id=\"d21e74a\" data-element_type=\"widget\" data-widget_type=\"button.default\">\n\t\t\t\t<div class=\"elementor-widget-container\">\n\t\t\t\t\t<div class=\"elementor-button-wrapper\">\n\t\t\t<a href=\"https:\/\/cane.com.pl\/index.php\/karton-transportowy\/\" class=\"elementor-button-link elementor-button elementor-size-md\" role=\"button\">\n\t\t\t\t\t\t<span class=\"elementor-button-content-wrapper\">\n\t\t\t\t\t\t<span class=\"elementor-button-text\">Karton transportowy<\/span>\n\t\t<\/span>\n\t\t\t\t\t<\/a>\n\t\t<\/div>\n\t\t\t\t<\/div>\n\t\t\t\t<\/div>\n\t\t\t\t<div class=\"elementor-element elementor-element-a6a1b0a elementor-widget elementor-widget-text-editor\" data-id=\"a6a1b0a\" data-element_type=\"widget\" data-widget_type=\"text-editor.default\">\n\t\t\t\t<div class=\"elementor-widget-container\">\n\t\t\t\t\t\t\t<p>Karton transportowy\u00a0 zunifikowany do transportu piskl\u0105t wyst\u0119puje w dw\u00f3ch kolorach w celu odr\u00f3\u017cnienia p\u0142ci ptak\u00f3w<\/p>\t\t\t\t\t\t<\/div>\n\t\t\t\t<\/div>\n\t\t\t\t\t<\/div>\n\t\t<\/div>\n\t\t\t\t<div class=\"elementor-column elementor-col-50 elementor-top-column elementor-element elementor-element-1491087\" data-id=\"1491087\" data-element_type=\"column\">\n\t\t\t<div class=\"elementor-widget-wrap elementor-element-populated\">\n\t\t\t\t\t\t\t\t<div class=\"elementor-element elementor-element-b2d0f07 elementor-widget elementor-widget-image\" data-id=\"b2d0f07\" data-element_type=\"widget\" data-widget_type=\"image.default\">\n\t\t\t\t<div class=\"elementor-widget-container\">\n\t\t\t\t\t\t\t\t\t\t\t\t\t\t\t\t<a href=\"https:\/\/cane.com.pl\/index.php\/karton-transportowy\/\">\n\t\t\t\t\t\t\t<img loading=\"lazy\" decoding=\"async\" width=\"250\" height=\"250\" src=\"https:\/\/cane.com.pl\/wp-content\/uploads\/2022\/08\/duplex-corrugated-chick-box-250x250-1.jpg\" class=\"attachment-large size-large\" alt=\"\" srcset=\"https:\/\/cane.com.pl\/wp-content\/uploads\/2022\/08\/duplex-corrugated-chick-box-250x250-1.jpg 250w, https:\/\/cane.com.pl\/wp-content\/uploads\/2022\/08\/duplex-corrugated-chick-box-250x250-1-150x150.jpg 150w, https:\/\/cane.com.pl\/wp-content\/uploads\/2022\/08\/duplex-corrugated-chick-box-250x250-1-75x75.jpg 75w\" sizes=\"auto, (max-width: 250px) 100vw, 250px\" \/>\t\t\t\t\t\t\t\t<\/a>\n\t\t\t\t\t\t\t\t\t\t\t\t\t\t\t<\/div>\n\t\t\t\t<\/div>\n\t\t\t\t\t<\/div>\n\t\t<\/div>\n\t\t\t\t\t\t\t<\/div>\n\t\t<\/section>\n\t\t\t\t<section class=\"elementor-section elementor-top-section elementor-element elementor-element-d08a84d elementor-section-boxed elementor-section-height-default elementor-section-height-default\" data-id=\"d08a84d\" data-element_type=\"section\">\n\t\t\t\t\t\t<div class=\"elementor-container elementor-column-gap-default\">\n\t\t\t\t\t<div class=\"elementor-column elementor-col-50 elementor-top-column elementor-element elementor-element-33ec1e9\" data-id=\"33ec1e9\" data-element_type=\"column\">\n\t\t\t<div class=\"elementor-widget-wrap elementor-element-populated\">\n\t\t\t\t\t\t\t\t<div class=\"elementor-element elementor-element-b130e93 elementor-widget elementor-widget-image\" data-id=\"b130e93\" data-element_type=\"widget\" data-widget_type=\"image.default\">\n\t\t\t\t<div class=\"elementor-widget-container\">\n\t\t\t\t\t\t\t\t\t\t\t\t\t\t\t\t<a href=\"https:\/\/cane.com.pl\/index.php\/karton-do-przewozu-zywnosci\/\">\n\t\t\t\t\t\t\t<img loading=\"lazy\" decoding=\"async\" width=\"960\" height=\"540\" src=\"https:\/\/cane.com.pl\/wp-content\/uploads\/2022\/08\/DSC1271-1024x576.jpg\" class=\"attachment-large size-large\" alt=\"\" srcset=\"https:\/\/cane.com.pl\/wp-content\/uploads\/2022\/08\/DSC1271-1024x576.jpg 1024w, https:\/\/cane.com.pl\/wp-content\/uploads\/2022\/08\/DSC1271-300x169.jpg 300w, https:\/\/cane.com.pl\/wp-content\/uploads\/2022\/08\/DSC1271-768x432.jpg 768w, https:\/\/cane.com.pl\/wp-content\/uploads\/2022\/08\/DSC1271-1536x864.jpg 1536w, https:\/\/cane.com.pl\/wp-content\/uploads\/2022\/08\/DSC1271-2048x1152.jpg 2048w, https:\/\/cane.com.pl\/wp-content\/uploads\/2022\/08\/DSC1271-1140x641.jpg 1140w\" sizes=\"auto, (max-width: 960px) 100vw, 960px\" \/>\t\t\t\t\t\t\t\t<\/a>\n\t\t\t\t\t\t\t\t\t\t\t\t\t\t\t<\/div>\n\t\t\t\t<\/div>\n\t\t\t\t\t<\/div>\n\t\t<\/div>\n\t\t\t\t<div class=\"elementor-column elementor-col-50 elementor-top-column elementor-element elementor-element-47cd3ba\" data-id=\"47cd3ba\" data-element_type=\"column\">\n\t\t\t<div class=\"elementor-widget-wrap elementor-element-populated\">\n\t\t\t\t\t\t\t\t<div class=\"elementor-element elementor-element-f1e7041 elementor-align-center elementor-widget elementor-widget-button\" data-id=\"f1e7041\" data-element_type=\"widget\" data-widget_type=\"button.default\">\n\t\t\t\t<div class=\"elementor-widget-container\">\n\t\t\t\t\t<div class=\"elementor-button-wrapper\">\n\t\t\t<a href=\"https:\/\/cane.com.pl\/index.php\/karton-do-przewozu-zywnosci\/\" class=\"elementor-button-link elementor-button elementor-size-md\" role=\"button\">\n\t\t\t\t\t\t<span class=\"elementor-button-content-wrapper\">\n\t\t\t\t\t\t<span class=\"elementor-button-text\">Karton do przewozu \u017cywno\u015bci<\/span>\n\t\t<\/span>\n\t\t\t\t\t<\/a>\n\t\t<\/div>\n\t\t\t\t<\/div>\n\t\t\t\t<\/div>\n\t\t\t\t<div class=\"elementor-element elementor-element-d6c2502 elementor-widget elementor-widget-text-editor\" data-id=\"d6c2502\" data-element_type=\"widget\" data-widget_type=\"text-editor.default\">\n\t\t\t\t<div class=\"elementor-widget-container\">\n\t\t\t\t\t\t\t<p>Atestowany karton do przewozu \u017cywno\u015bci oraz do g\u0142\u0119bokiego mro\u017cenia<\/p>\t\t\t\t\t\t<\/div>\n\t\t\t\t<\/div>\n\t\t\t\t\t<\/div>\n\t\t<\/div>\n\t\t\t\t\t\t\t<\/div>\n\t\t<\/section>\n\t\t\t\t\t\t\t<\/div>\n\t\t","protected":false},"excerpt":{"rendered":"<p>Wy\u015bcielenie transportowe Wy\u015bcielenie trandportowe: Przyspiesza proces sk\u0142adania karton\u00f3w oraz zwi\u0119ksza czysto\u015b\u0107 transporter\u00f3w Papier dla piskl\u0105t Papier dla piskl\u0105t u\u0142atwia i przyspiesza karmienie pisklak\u00f3w jednodniowych. Najwiekszym plusem jest biodegradacja po paru dniach Papier do odchowu Papier do odchowu zwany r\u00f3wnie\u017c groszkowym zapewnia izolacje termiczn\u0105 oraz wch\u0142ania zanieczyszczenia Karton transportowy Karton transportowy\u00a0 zunifikowany do transportu piskl\u0105t wyst\u0119puje w dw\u00f3ch kolorach w celu odr\u00f3\u017cnienia p\u0142ci ptak\u00f3w Karton do przewozu \u017cywno\u015bci Atestowany karton do przewozu \u017cywno\u015bci oraz do g\u0142\u0119bokiego mro\u017cenia<\/p>\n","protected":false},"author":1,"featured_media":0,"parent":0,"menu_order":0,"comment_status":"closed","ping_status":"closed","template":"","meta":{"om_disable_all_campaigns":false,"_monsterinsights_skip_tracking":false,"_monsterinsights_sitenote_active":false,"_monsterinsights_sitenote_note":"","_monsterinsights_sitenote_category":0,"footnotes":""},"class_list":["post-41","page","type-page","status-publish","hentry"],"aioseo_notices":[],"yoast_head":"<!-- This site is optimized with the Yoast SEO plugin v19.10 - https:\/\/yoast.com\/wordpress\/plugins\/seo\/ -->\n<title>Dr\u00f3b - cane<\/title>\n<meta name=\"robots\" content=\"index, follow, max-snippet:-1, max-image-preview:large, max-video-preview:-1\" \/>\n<link rel=\"canonical\" href=\"https:\/\/cane.com.pl\/index.php\/drob\/\" \/>\n<meta property=\"og:locale\" content=\"pl_PL\" \/>\n<meta property=\"og:type\" content=\"article\" \/>\n<meta property=\"og:title\" content=\"Dr\u00f3b - cane\" \/>\n<meta property=\"og:description\" content=\"Wy\u015bcielenie transportowe Wy\u015bcielenie trandportowe: Przyspiesza proces sk\u0142adania karton\u00f3w oraz zwi\u0119ksza czysto\u015b\u0107 transporter\u00f3w Papier dla piskl\u0105t Papier dla piskl\u0105t u\u0142atwia i przyspiesza karmienie pisklak\u00f3w jednodniowych. Najwiekszym plusem jest biodegradacja po paru dniach Papier do odchowu Papier do odchowu zwany r\u00f3wnie\u017c groszkowym zapewnia izolacje termiczn\u0105 oraz wch\u0142ania zanieczyszczenia Karton transportowy Karton transportowy\u00a0 zunifikowany do transportu piskl\u0105t wyst\u0119puje w dw\u00f3ch kolorach w celu odr\u00f3\u017cnienia p\u0142ci ptak\u00f3w Karton do przewozu \u017cywno\u015bci Atestowany karton do przewozu \u017cywno\u015bci oraz do g\u0142\u0119bokiego mro\u017cenia\" \/>\n<meta property=\"og:url\" content=\"https:\/\/cane.com.pl\/index.php\/drob\/\" \/>\n<meta property=\"og:site_name\" content=\"cane\" \/>\n<meta property=\"article:modified_time\" content=\"2022-08-30T11:07:08+00:00\" \/>\n<meta property=\"og:image\" content=\"https:\/\/cane.com.pl\/wp-content\/uploads\/2022\/08\/wklad-pisklak-1-1024x789.jpg\" \/>\n<meta name=\"twitter:card\" content=\"summary_large_image\" \/>\n<meta name=\"twitter:label1\" content=\"Szacowany czas czytania\" \/>\n\t<meta name=\"twitter:data1\" content=\"2 minuty\" \/>\n<script type=\"application\/ld+json\" class=\"yoast-schema-graph\">{\"@context\":\"https:\/\/schema.org\",\"@graph\":[{\"@type\":\"WebPage\",\"@id\":\"https:\/\/cane.com.pl\/index.php\/drob\/\",\"url\":\"https:\/\/cane.com.pl\/index.php\/drob\/\",\"name\":\"Dr\u00f3b - cane\",\"isPartOf\":{\"@id\":\"https:\/\/cane.com.pl\/#website\"},\"datePublished\":\"2022-08-29T06:21:37+00:00\",\"dateModified\":\"2022-08-30T11:07:08+00:00\",\"breadcrumb\":{\"@id\":\"https:\/\/cane.com.pl\/index.php\/drob\/#breadcrumb\"},\"inLanguage\":\"pl-PL\",\"potentialAction\":[{\"@type\":\"ReadAction\",\"target\":[\"https:\/\/cane.com.pl\/index.php\/drob\/\"]}]},{\"@type\":\"BreadcrumbList\",\"@id\":\"https:\/\/cane.com.pl\/index.php\/drob\/#breadcrumb\",\"itemListElement\":[{\"@type\":\"ListItem\",\"position\":1,\"name\":\"Home\",\"item\":\"https:\/\/cane.com.pl\/\"},{\"@type\":\"ListItem\",\"position\":2,\"name\":\"Dr\u00f3b\"}]},{\"@type\":\"WebSite\",\"@id\":\"https:\/\/cane.com.pl\/#website\",\"url\":\"https:\/\/cane.com.pl\/\",\"name\":\"cane\",\"description\":\"\",\"publisher\":{\"@id\":\"https:\/\/cane.com.pl\/#organization\"},\"potentialAction\":[{\"@type\":\"SearchAction\",\"target\":{\"@type\":\"EntryPoint\",\"urlTemplate\":\"https:\/\/cane.com.pl\/?s={search_term_string}\"},\"query-input\":\"required name=search_term_string\"}],\"inLanguage\":\"pl-PL\"},{\"@type\":\"Organization\",\"@id\":\"https:\/\/cane.com.pl\/#organization\",\"name\":\"cane\",\"url\":\"https:\/\/cane.com.pl\/\",\"logo\":{\"@type\":\"ImageObject\",\"inLanguage\":\"pl-PL\",\"@id\":\"https:\/\/cane.com.pl\/#\/schema\/logo\/image\/\",\"url\":\"https:\/\/cane.com.pl\/wp-content\/uploads\/2022\/08\/cropped-logo-firmy-2.png\",\"contentUrl\":\"https:\/\/cane.com.pl\/wp-content\/uploads\/2022\/08\/cropped-logo-firmy-2.png\",\"width\":735,\"height\":829,\"caption\":\"cane\"},\"image\":{\"@id\":\"https:\/\/cane.com.pl\/#\/schema\/logo\/image\/\"}}]}<\/script>\n<!-- \/ Yoast SEO plugin. -->","yoast_head_json":{"title":"Dr\u00f3b - cane","robots":{"index":"index","follow":"follow","max-snippet":"max-snippet:-1","max-image-preview":"max-image-preview:large","max-video-preview":"max-video-preview:-1"},"canonical":"https:\/\/cane.com.pl\/index.php\/drob\/","og_locale":"pl_PL","og_type":"article","og_title":"Dr\u00f3b - cane","og_description":"Wy\u015bcielenie transportowe Wy\u015bcielenie trandportowe: Przyspiesza proces sk\u0142adania karton\u00f3w oraz zwi\u0119ksza czysto\u015b\u0107 transporter\u00f3w Papier dla piskl\u0105t Papier dla piskl\u0105t u\u0142atwia i przyspiesza karmienie pisklak\u00f3w jednodniowych. Najwiekszym plusem jest biodegradacja po paru dniach Papier do odchowu Papier do odchowu zwany r\u00f3wnie\u017c groszkowym zapewnia izolacje termiczn\u0105 oraz wch\u0142ania zanieczyszczenia Karton transportowy Karton transportowy\u00a0 zunifikowany do transportu piskl\u0105t wyst\u0119puje w dw\u00f3ch kolorach w celu odr\u00f3\u017cnienia p\u0142ci ptak\u00f3w Karton do przewozu \u017cywno\u015bci Atestowany karton do przewozu \u017cywno\u015bci oraz do g\u0142\u0119bokiego mro\u017cenia","og_url":"https:\/\/cane.com.pl\/index.php\/drob\/","og_site_name":"cane","article_modified_time":"2022-08-30T11:07:08+00:00","og_image":[{"url":"https:\/\/cane.com.pl\/wp-content\/uploads\/2022\/08\/wklad-pisklak-1-1024x789.jpg"}],"twitter_card":"summary_large_image","twitter_misc":{"Szacowany czas czytania":"2 minuty"},"schema":{"@context":"https:\/\/schema.org","@graph":[{"@type":"WebPage","@id":"https:\/\/cane.com.pl\/index.php\/drob\/","url":"https:\/\/cane.com.pl\/index.php\/drob\/","name":"Dr\u00f3b - cane","isPartOf":{"@id":"https:\/\/cane.com.pl\/#website"},"datePublished":"2022-08-29T06:21:37+00:00","dateModified":"2022-08-30T11:07:08+00:00","breadcrumb":{"@id":"https:\/\/cane.com.pl\/index.php\/drob\/#breadcrumb"},"inLanguage":"pl-PL","potentialAction":[{"@type":"ReadAction","target":["https:\/\/cane.com.pl\/index.php\/drob\/"]}]},{"@type":"BreadcrumbList","@id":"https:\/\/cane.com.pl\/index.php\/drob\/#breadcrumb","itemListElement":[{"@type":"ListItem","position":1,"name":"Home","item":"https:\/\/cane.com.pl\/"},{"@type":"ListItem","position":2,"name":"Dr\u00f3b"}]},{"@type":"WebSite","@id":"https:\/\/cane.com.pl\/#website","url":"https:\/\/cane.com.pl\/","name":"cane","description":"","publisher":{"@id":"https:\/\/cane.com.pl\/#organization"},"potentialAction":[{"@type":"SearchAction","target":{"@type":"EntryPoint","urlTemplate":"https:\/\/cane.com.pl\/?s={search_term_string}"},"query-input":"required name=search_term_string"}],"inLanguage":"pl-PL"},{"@type":"Organization","@id":"https:\/\/cane.com.pl\/#organization","name":"cane","url":"https:\/\/cane.com.pl\/","logo":{"@type":"ImageObject","inLanguage":"pl-PL","@id":"https:\/\/cane.com.pl\/#\/schema\/logo\/image\/","url":"https:\/\/cane.com.pl\/wp-content\/uploads\/2022\/08\/cropped-logo-firmy-2.png","contentUrl":"https:\/\/cane.com.pl\/wp-content\/uploads\/2022\/08\/cropped-logo-firmy-2.png","width":735,"height":829,"caption":"cane"},"image":{"@id":"https:\/\/cane.com.pl\/#\/schema\/logo\/image\/"}}]}},"_links":{"self":[{"href":"https:\/\/cane.com.pl\/index.php\/wp-json\/wp\/v2\/pages\/41","targetHints":{"allow":["GET"]}}],"collection":[{"href":"https:\/\/cane.com.pl\/index.php\/wp-json\/wp\/v2\/pages"}],"about":[{"href":"https:\/\/cane.com.pl\/index.php\/wp-json\/wp\/v2\/types\/page"}],"author":[{"embeddable":true,"href":"https:\/\/cane.com.pl\/index.php\/wp-json\/wp\/v2\/users\/1"}],"replies":[{"embeddable":true,"href":"https:\/\/cane.com.pl\/index.php\/wp-json\/wp\/v2\/comments?post=41"}],"version-history":[{"count":4,"href":"https:\/\/cane.com.pl\/index.php\/wp-json\/wp\/v2\/pages\/41\/revisions"}],"predecessor-version":[{"id":288,"href":"https:\/\/cane.com.pl\/index.php\/wp-json\/wp\/v2\/pages\/41\/revisions\/288"}],"wp:attachment":[{"href":"https:\/\/cane.com.pl\/index.php\/wp-json\/wp\/v2\/media?parent=41"}],"curies":[{"name":"wp","href":"https:\/\/api.w.org\/{rel}","templated":true}]}}