{"id":35,"date":"2022-08-29T06:21:37","date_gmt":"2022-08-29T06:21:37","guid":{"rendered":"https:\/\/cane.com.pl\/?page_id=35"},"modified":"2022-08-30T07:03:52","modified_gmt":"2022-08-30T07:03:52","slug":"o-nas","status":"publish","type":"page","link":"https:\/\/cane.com.pl\/index.php\/o-nas\/","title":{"rendered":"O nas"},"content":{"rendered":"\t\t<div data-elementor-type=\"wp-page\" data-elementor-id=\"35\" class=\"elementor elementor-35\">\n\t\t\t\t\t\t\t\t\t<section class=\"elementor-section elementor-top-section elementor-element elementor-element-d53e3a5 elementor-section-boxed elementor-section-height-default elementor-section-height-default\" data-id=\"d53e3a5\" data-element_type=\"section\">\n\t\t\t\t\t\t<div class=\"elementor-container elementor-column-gap-default\">\n\t\t\t\t\t<div class=\"elementor-column elementor-col-100 elementor-top-column elementor-element elementor-element-92be42b\" data-id=\"92be42b\" data-element_type=\"column\">\n\t\t\t<div class=\"elementor-widget-wrap elementor-element-populated\">\n\t\t\t\t\t\t\t\t<div class=\"elementor-element elementor-element-97d7470 elementor-widget elementor-widget-text-editor\" data-id=\"97d7470\" data-element_type=\"widget\" data-widget_type=\"text-editor.default\">\n\t\t\t\t<div class=\"elementor-widget-container\">\n\t\t\t<style>\/*! elementor - v3.8.0 - 30-10-2022 *\/\n.elementor-widget-text-editor.elementor-drop-cap-view-stacked .elementor-drop-cap{background-color:#818a91;color:#fff}.elementor-widget-text-editor.elementor-drop-cap-view-framed .elementor-drop-cap{color:#818a91;border:3px solid;background-color:transparent}.elementor-widget-text-editor:not(.elementor-drop-cap-view-default) .elementor-drop-cap{margin-top:8px}.elementor-widget-text-editor:not(.elementor-drop-cap-view-default) .elementor-drop-cap-letter{width:1em;height:1em}.elementor-widget-text-editor .elementor-drop-cap{float:left;text-align:center;line-height:1;font-size:50px}.elementor-widget-text-editor .elementor-drop-cap-letter{display:inline-block}<\/style>\t\t\t\t<p>Papier pomocny w hodowli piskl\u0105t nas<br>po\u0142\u0105czy\u0142.<br>Firma Caneman rozpocz\u0119\u0142a swoj\u0105 dzia\u0142alno\u015b\u0107 w 2016 roku od produkcji zwijanych rolek papieru podk\u0142adowego, kt\u00f3ry stosowany jest w pocz\u0105tkowej fazie fermowego chowu drobiu. Sprzeda\u017c tego materia\u0142u umo\u017cliwi\u0142a szersze poznanie aktualnych potrzeb rynku bran\u017cy hodowlanej. Obserwacje zaowocowa\u0142y wdro\u017ceniem do produkcji trzech kolejnych wyrob\u00f3w z papieru i uruchomienia linii wytwarzaj\u0105cej opakowania kartonowe. Opracowali\u015bmy w\u00f3wczas<br>w\u0142asny wz\u00f3r kartonu do przewozu piskl\u0105t jednodniowych i dodatkowo wyposa\u017cyli\u015bmy go w r\u00f3\u017cne rodzaje wy\u015bci\u00f3\u0142ek m.in. w nowo\u015b\u0107 &#8211; zaprasowan\u0105 p\u0142yt\u0119 przypominaj\u0105c\u0105 swoj\u0105 struktur\u0105 plaster miodu. Ponadto podj\u0119li\u015bmy si\u0119 produkcji kr\u00f3tkoseryjnych partii opakowa\u0144 kartonowych na w\u0142asne i zewn\u0119trzne zam\u00f3wienia. W tym czasie r\u00f3wnoleg\u0142\u0105 dzia\u0142alno\u015b\u0107 prowadzi\u0142a siostrzana firma Canemax, kt\u00f3ra stawia\u0142a na innowacje z wykorzystaniem ekologicznych surowc\u00f3w. Pierwszy krok w tym kierunku to<br>zakup maszyn do produkcji sznurka papierowego, kt\u00f3ry znajduje nabywc\u00f3w w r\u00f3\u017cnorodnych bran\u017cach m.in. w florystyce, w produkcji toreb papierowych, kabli itp. Pod koniec roku 2017<br>zakupiono kolejn\u0105 maszyn\u0119, kt\u00f3ra wytwarza papierowe torebki tzw. krzy\u017cowe. Ich produkcja z za\u0142o\u017cenia ma s\u0142u\u017cy\u0107 misji: zast\u0119powania opakowa\u0144 o podobnym przeznaczeniu, lecz wykonanych z folii polietylenowej. Park technologiczny zak\u0142adu zosta\u0142 wzbogacony r\u00f3wnie\u017c o maszyny do ci\u0119cia papieru na bobiny i maszyn\u0119 produkuj\u0105c\u0105 tuleje papierowe o r\u00f3\u017cnych grubo\u015bciach \u015bcianek. Materia\u0142 ten jest zamawiany g\u0142\u00f3wnie przez firmy produkuj\u0105ce wyroby do utrzymania higieny oraz z bran\u017cy tekstylnej.<br>W po\u0142owie roku 2019 zarz\u0105dzaj\u0105cy firmami Caneman oraz Canemax postanowili zjednoczy\u0107 swe si\u0142y i w wyniku konsolidacji powsta\u0142a sp\u00f3\u0142ka o nazwie Cane sp. z o. o. wykorzystuj\u0105ca<br>produkcyjne moce i wyposa\u017cenie techniczne zak\u0142adu. Pierwszym owocem przekszta\u0142cenia sta\u0142 si\u0119 nowy innowacyjny produkt: czy\u015bciwo do higieny krowich wymion wykonane z<br>celulozowego w\u0142\u00f3knistego materia\u0142u. Jedn\u0105 z zalet tego materia\u0142u, opr\u00f3cz podstawowego przeznaczenia i aseptyki, jest biodegradowalno\u015b\u0107 i \u0142atwa utylizacja. Tym samym do\u0142\u0105czy\u0142 on<br>do ekologicznych materia\u0142\u00f3w o podobnych cechach, kt\u00f3re charakteryzuj\u0105 wszystkie nasze papierowe wyroby.<\/p>\t\t\t\t\t\t<\/div>\n\t\t\t\t<\/div>\n\t\t\t\t\t<\/div>\n\t\t<\/div>\n\t\t\t\t\t\t\t<\/div>\n\t\t<\/section>\n\t\t\t\t\t\t\t<\/div>\n\t\t","protected":false},"excerpt":{"rendered":"<p>Papier pomocny w hodowli piskl\u0105t naspo\u0142\u0105czy\u0142.Firma Caneman rozpocz\u0119\u0142a swoj\u0105 dzia\u0142alno\u015b\u0107 w 2016 roku od produkcji zwijanych rolek papieru podk\u0142adowego, kt\u00f3ry stosowany jest w pocz\u0105tkowej fazie fermowego chowu drobiu. Sprzeda\u017c tego materia\u0142u umo\u017cliwi\u0142a szersze poznanie aktualnych potrzeb rynku bran\u017cy hodowlanej. Obserwacje zaowocowa\u0142y wdro\u017ceniem do produkcji trzech kolejnych wyrob\u00f3w z papieru i uruchomienia linii wytwarzaj\u0105cej opakowania kartonowe. Opracowali\u015bmy w\u00f3wczasw\u0142asny wz\u00f3r kartonu do przewozu piskl\u0105t jednodniowych i dodatkowo wyposa\u017cyli\u015bmy go w r\u00f3\u017cne rodzaje wy\u015bci\u00f3\u0142ek m.in. w nowo\u015b\u0107 &#8211; zaprasowan\u0105 p\u0142yt\u0119 przypominaj\u0105c\u0105 swoj\u0105 struktur\u0105 plaster miodu. Ponadto podj\u0119li\u015bmy si\u0119 produkcji kr\u00f3tkoseryjnych partii opakowa\u0144 kartonowych na w\u0142asne i zewn\u0119trzne zam\u00f3wienia. W tym czasie r\u00f3wnoleg\u0142\u0105 dzia\u0142alno\u015b\u0107 prowadzi\u0142a siostrzana firma Canemax, kt\u00f3ra stawia\u0142a na innowacje z wykorzystaniem ekologicznych surowc\u00f3w. Pierwszy krok w tym kierunku tozakup maszyn do produkcji sznurka papierowego, kt\u00f3ry znajduje nabywc\u00f3w w r\u00f3\u017cnorodnych bran\u017cach m.in. w florystyce, w produkcji toreb papierowych, kabli itp. Pod koniec roku 2017zakupiono kolejn\u0105 maszyn\u0119, kt\u00f3ra wytwarza papierowe torebki tzw. krzy\u017cowe. Ich produkcja z za\u0142o\u017cenia ma s\u0142u\u017cy\u0107 misji: zast\u0119powania opakowa\u0144 o podobnym przeznaczeniu, lecz wykonanych z folii polietylenowej. Park technologiczny zak\u0142adu zosta\u0142 wzbogacony r\u00f3wnie\u017c o maszyny do ci\u0119cia papieru na bobiny i maszyn\u0119 produkuj\u0105c\u0105 tuleje papierowe o r\u00f3\u017cnych grubo\u015bciach \u015bcianek. Materia\u0142 ten jest zamawiany g\u0142\u00f3wnie przez firmy produkuj\u0105ce wyroby do utrzymania higieny oraz z bran\u017cy tekstylnej.W po\u0142owie roku 2019 zarz\u0105dzaj\u0105cy firmami Caneman oraz Canemax postanowili zjednoczy\u0107 swe si\u0142y i w wyniku konsolidacji powsta\u0142a sp\u00f3\u0142ka o nazwie Cane sp. z o. o. wykorzystuj\u0105caprodukcyjne moce i wyposa\u017cenie techniczne zak\u0142adu. Pierwszym owocem przekszta\u0142cenia sta\u0142 si\u0119 nowy innowacyjny produkt: czy\u015bciwo do higieny krowich wymion wykonane zcelulozowego w\u0142\u00f3knistego materia\u0142u. Jedn\u0105 z zalet tego materia\u0142u, opr\u00f3cz podstawowego przeznaczenia i aseptyki, jest biodegradowalno\u015b\u0107 i \u0142atwa utylizacja. Tym samym do\u0142\u0105czy\u0142 ondo ekologicznych materia\u0142\u00f3w o podobnych cechach, kt\u00f3re charakteryzuj\u0105 wszystkie nasze papierowe wyroby.<\/p>\n","protected":false},"author":1,"featured_media":0,"parent":0,"menu_order":0,"comment_status":"closed","ping_status":"closed","template":"","meta":{"om_disable_all_campaigns":false,"_monsterinsights_skip_tracking":false,"_monsterinsights_sitenote_active":false,"_monsterinsights_sitenote_note":"","_monsterinsights_sitenote_category":0,"footnotes":""},"class_list":["post-35","page","type-page","status-publish","hentry"],"aioseo_notices":[],"yoast_head":"<!-- This site is optimized with the Yoast SEO plugin v19.10 - https:\/\/yoast.com\/wordpress\/plugins\/seo\/ -->\n<title>O nas - cane<\/title>\n<meta name=\"robots\" content=\"index, follow, max-snippet:-1, max-image-preview:large, max-video-preview:-1\" \/>\n<link rel=\"canonical\" href=\"https:\/\/cane.com.pl\/index.php\/o-nas\/\" \/>\n<meta property=\"og:locale\" content=\"pl_PL\" \/>\n<meta property=\"og:type\" content=\"article\" \/>\n<meta property=\"og:title\" content=\"O nas - cane\" \/>\n<meta property=\"og:description\" content=\"Papier pomocny w hodowli piskl\u0105t naspo\u0142\u0105czy\u0142.Firma Caneman rozpocz\u0119\u0142a swoj\u0105 dzia\u0142alno\u015b\u0107 w 2016 roku od produkcji zwijanych rolek papieru podk\u0142adowego, kt\u00f3ry stosowany jest w pocz\u0105tkowej fazie fermowego chowu drobiu. Sprzeda\u017c tego materia\u0142u umo\u017cliwi\u0142a szersze poznanie aktualnych potrzeb rynku bran\u017cy hodowlanej. Obserwacje zaowocowa\u0142y wdro\u017ceniem do produkcji trzech kolejnych wyrob\u00f3w z papieru i uruchomienia linii wytwarzaj\u0105cej opakowania kartonowe. Opracowali\u015bmy w\u00f3wczasw\u0142asny wz\u00f3r kartonu do przewozu piskl\u0105t jednodniowych i dodatkowo wyposa\u017cyli\u015bmy go w r\u00f3\u017cne rodzaje wy\u015bci\u00f3\u0142ek m.in. w nowo\u015b\u0107 &#8211; zaprasowan\u0105 p\u0142yt\u0119 przypominaj\u0105c\u0105 swoj\u0105 struktur\u0105 plaster miodu. Ponadto podj\u0119li\u015bmy si\u0119 produkcji kr\u00f3tkoseryjnych partii opakowa\u0144 kartonowych na w\u0142asne i zewn\u0119trzne zam\u00f3wienia. W tym czasie r\u00f3wnoleg\u0142\u0105 dzia\u0142alno\u015b\u0107 prowadzi\u0142a siostrzana firma Canemax, kt\u00f3ra stawia\u0142a na innowacje z wykorzystaniem ekologicznych surowc\u00f3w. Pierwszy krok w tym kierunku tozakup maszyn do produkcji sznurka papierowego, kt\u00f3ry znajduje nabywc\u00f3w w r\u00f3\u017cnorodnych bran\u017cach m.in. w florystyce, w produkcji toreb papierowych, kabli itp. Pod koniec roku 2017zakupiono kolejn\u0105 maszyn\u0119, kt\u00f3ra wytwarza papierowe torebki tzw. krzy\u017cowe. Ich produkcja z za\u0142o\u017cenia ma s\u0142u\u017cy\u0107 misji: zast\u0119powania opakowa\u0144 o podobnym przeznaczeniu, lecz wykonanych z folii polietylenowej. Park technologiczny zak\u0142adu zosta\u0142 wzbogacony r\u00f3wnie\u017c o maszyny do ci\u0119cia papieru na bobiny i maszyn\u0119 produkuj\u0105c\u0105 tuleje papierowe o r\u00f3\u017cnych grubo\u015bciach \u015bcianek. Materia\u0142 ten jest zamawiany g\u0142\u00f3wnie przez firmy produkuj\u0105ce wyroby do utrzymania higieny oraz z bran\u017cy tekstylnej.W po\u0142owie roku 2019 zarz\u0105dzaj\u0105cy firmami Caneman oraz Canemax postanowili zjednoczy\u0107 swe si\u0142y i w wyniku konsolidacji powsta\u0142a sp\u00f3\u0142ka o nazwie Cane sp. z o. o. wykorzystuj\u0105caprodukcyjne moce i wyposa\u017cenie techniczne zak\u0142adu. Pierwszym owocem przekszta\u0142cenia sta\u0142 si\u0119 nowy innowacyjny produkt: czy\u015bciwo do higieny krowich wymion wykonane zcelulozowego w\u0142\u00f3knistego materia\u0142u. Jedn\u0105 z zalet tego materia\u0142u, opr\u00f3cz podstawowego przeznaczenia i aseptyki, jest biodegradowalno\u015b\u0107 i \u0142atwa utylizacja. Tym samym do\u0142\u0105czy\u0142 ondo ekologicznych materia\u0142\u00f3w o podobnych cechach, kt\u00f3re charakteryzuj\u0105 wszystkie nasze papierowe wyroby.\" \/>\n<meta property=\"og:url\" content=\"https:\/\/cane.com.pl\/index.php\/o-nas\/\" \/>\n<meta property=\"og:site_name\" content=\"cane\" \/>\n<meta property=\"article:modified_time\" content=\"2022-08-30T07:03:52+00:00\" \/>\n<meta name=\"twitter:card\" content=\"summary_large_image\" \/>\n<meta name=\"twitter:label1\" content=\"Szacowany czas czytania\" \/>\n\t<meta name=\"twitter:data1\" content=\"2 minuty\" \/>\n<script type=\"application\/ld+json\" class=\"yoast-schema-graph\">{\"@context\":\"https:\/\/schema.org\",\"@graph\":[{\"@type\":\"WebPage\",\"@id\":\"https:\/\/cane.com.pl\/index.php\/o-nas\/\",\"url\":\"https:\/\/cane.com.pl\/index.php\/o-nas\/\",\"name\":\"O nas - cane\",\"isPartOf\":{\"@id\":\"https:\/\/cane.com.pl\/#website\"},\"datePublished\":\"2022-08-29T06:21:37+00:00\",\"dateModified\":\"2022-08-30T07:03:52+00:00\",\"breadcrumb\":{\"@id\":\"https:\/\/cane.com.pl\/index.php\/o-nas\/#breadcrumb\"},\"inLanguage\":\"pl-PL\",\"potentialAction\":[{\"@type\":\"ReadAction\",\"target\":[\"https:\/\/cane.com.pl\/index.php\/o-nas\/\"]}]},{\"@type\":\"BreadcrumbList\",\"@id\":\"https:\/\/cane.com.pl\/index.php\/o-nas\/#breadcrumb\",\"itemListElement\":[{\"@type\":\"ListItem\",\"position\":1,\"name\":\"Home\",\"item\":\"https:\/\/cane.com.pl\/\"},{\"@type\":\"ListItem\",\"position\":2,\"name\":\"O nas\"}]},{\"@type\":\"WebSite\",\"@id\":\"https:\/\/cane.com.pl\/#website\",\"url\":\"https:\/\/cane.com.pl\/\",\"name\":\"cane\",\"description\":\"\",\"publisher\":{\"@id\":\"https:\/\/cane.com.pl\/#organization\"},\"potentialAction\":[{\"@type\":\"SearchAction\",\"target\":{\"@type\":\"EntryPoint\",\"urlTemplate\":\"https:\/\/cane.com.pl\/?s={search_term_string}\"},\"query-input\":\"required name=search_term_string\"}],\"inLanguage\":\"pl-PL\"},{\"@type\":\"Organization\",\"@id\":\"https:\/\/cane.com.pl\/#organization\",\"name\":\"cane\",\"url\":\"https:\/\/cane.com.pl\/\",\"logo\":{\"@type\":\"ImageObject\",\"inLanguage\":\"pl-PL\",\"@id\":\"https:\/\/cane.com.pl\/#\/schema\/logo\/image\/\",\"url\":\"https:\/\/cane.com.pl\/wp-content\/uploads\/2022\/08\/cropped-logo-firmy-2.png\",\"contentUrl\":\"https:\/\/cane.com.pl\/wp-content\/uploads\/2022\/08\/cropped-logo-firmy-2.png\",\"width\":735,\"height\":829,\"caption\":\"cane\"},\"image\":{\"@id\":\"https:\/\/cane.com.pl\/#\/schema\/logo\/image\/\"}}]}<\/script>\n<!-- \/ Yoast SEO plugin. -->","yoast_head_json":{"title":"O nas - cane","robots":{"index":"index","follow":"follow","max-snippet":"max-snippet:-1","max-image-preview":"max-image-preview:large","max-video-preview":"max-video-preview:-1"},"canonical":"https:\/\/cane.com.pl\/index.php\/o-nas\/","og_locale":"pl_PL","og_type":"article","og_title":"O nas - cane","og_description":"Papier pomocny w hodowli piskl\u0105t naspo\u0142\u0105czy\u0142.Firma Caneman rozpocz\u0119\u0142a swoj\u0105 dzia\u0142alno\u015b\u0107 w 2016 roku od produkcji zwijanych rolek papieru podk\u0142adowego, kt\u00f3ry stosowany jest w pocz\u0105tkowej fazie fermowego chowu drobiu. Sprzeda\u017c tego materia\u0142u umo\u017cliwi\u0142a szersze poznanie aktualnych potrzeb rynku bran\u017cy hodowlanej. Obserwacje zaowocowa\u0142y wdro\u017ceniem do produkcji trzech kolejnych wyrob\u00f3w z papieru i uruchomienia linii wytwarzaj\u0105cej opakowania kartonowe. Opracowali\u015bmy w\u00f3wczasw\u0142asny wz\u00f3r kartonu do przewozu piskl\u0105t jednodniowych i dodatkowo wyposa\u017cyli\u015bmy go w r\u00f3\u017cne rodzaje wy\u015bci\u00f3\u0142ek m.in. w nowo\u015b\u0107 &#8211; zaprasowan\u0105 p\u0142yt\u0119 przypominaj\u0105c\u0105 swoj\u0105 struktur\u0105 plaster miodu. Ponadto podj\u0119li\u015bmy si\u0119 produkcji kr\u00f3tkoseryjnych partii opakowa\u0144 kartonowych na w\u0142asne i zewn\u0119trzne zam\u00f3wienia. W tym czasie r\u00f3wnoleg\u0142\u0105 dzia\u0142alno\u015b\u0107 prowadzi\u0142a siostrzana firma Canemax, kt\u00f3ra stawia\u0142a na innowacje z wykorzystaniem ekologicznych surowc\u00f3w. Pierwszy krok w tym kierunku tozakup maszyn do produkcji sznurka papierowego, kt\u00f3ry znajduje nabywc\u00f3w w r\u00f3\u017cnorodnych bran\u017cach m.in. w florystyce, w produkcji toreb papierowych, kabli itp. Pod koniec roku 2017zakupiono kolejn\u0105 maszyn\u0119, kt\u00f3ra wytwarza papierowe torebki tzw. krzy\u017cowe. Ich produkcja z za\u0142o\u017cenia ma s\u0142u\u017cy\u0107 misji: zast\u0119powania opakowa\u0144 o podobnym przeznaczeniu, lecz wykonanych z folii polietylenowej. Park technologiczny zak\u0142adu zosta\u0142 wzbogacony r\u00f3wnie\u017c o maszyny do ci\u0119cia papieru na bobiny i maszyn\u0119 produkuj\u0105c\u0105 tuleje papierowe o r\u00f3\u017cnych grubo\u015bciach \u015bcianek. Materia\u0142 ten jest zamawiany g\u0142\u00f3wnie przez firmy produkuj\u0105ce wyroby do utrzymania higieny oraz z bran\u017cy tekstylnej.W po\u0142owie roku 2019 zarz\u0105dzaj\u0105cy firmami Caneman oraz Canemax postanowili zjednoczy\u0107 swe si\u0142y i w wyniku konsolidacji powsta\u0142a sp\u00f3\u0142ka o nazwie Cane sp. z o. o. wykorzystuj\u0105caprodukcyjne moce i wyposa\u017cenie techniczne zak\u0142adu. Pierwszym owocem przekszta\u0142cenia sta\u0142 si\u0119 nowy innowacyjny produkt: czy\u015bciwo do higieny krowich wymion wykonane zcelulozowego w\u0142\u00f3knistego materia\u0142u. Jedn\u0105 z zalet tego materia\u0142u, opr\u00f3cz podstawowego przeznaczenia i aseptyki, jest biodegradowalno\u015b\u0107 i \u0142atwa utylizacja. Tym samym do\u0142\u0105czy\u0142 ondo ekologicznych materia\u0142\u00f3w o podobnych cechach, kt\u00f3re charakteryzuj\u0105 wszystkie nasze papierowe wyroby.","og_url":"https:\/\/cane.com.pl\/index.php\/o-nas\/","og_site_name":"cane","article_modified_time":"2022-08-30T07:03:52+00:00","twitter_card":"summary_large_image","twitter_misc":{"Szacowany czas czytania":"2 minuty"},"schema":{"@context":"https:\/\/schema.org","@graph":[{"@type":"WebPage","@id":"https:\/\/cane.com.pl\/index.php\/o-nas\/","url":"https:\/\/cane.com.pl\/index.php\/o-nas\/","name":"O nas - cane","isPartOf":{"@id":"https:\/\/cane.com.pl\/#website"},"datePublished":"2022-08-29T06:21:37+00:00","dateModified":"2022-08-30T07:03:52+00:00","breadcrumb":{"@id":"https:\/\/cane.com.pl\/index.php\/o-nas\/#breadcrumb"},"inLanguage":"pl-PL","potentialAction":[{"@type":"ReadAction","target":["https:\/\/cane.com.pl\/index.php\/o-nas\/"]}]},{"@type":"BreadcrumbList","@id":"https:\/\/cane.com.pl\/index.php\/o-nas\/#breadcrumb","itemListElement":[{"@type":"ListItem","position":1,"name":"Home","item":"https:\/\/cane.com.pl\/"},{"@type":"ListItem","position":2,"name":"O nas"}]},{"@type":"WebSite","@id":"https:\/\/cane.com.pl\/#website","url":"https:\/\/cane.com.pl\/","name":"cane","description":"","publisher":{"@id":"https:\/\/cane.com.pl\/#organization"},"potentialAction":[{"@type":"SearchAction","target":{"@type":"EntryPoint","urlTemplate":"https:\/\/cane.com.pl\/?s={search_term_string}"},"query-input":"required name=search_term_string"}],"inLanguage":"pl-PL"},{"@type":"Organization","@id":"https:\/\/cane.com.pl\/#organization","name":"cane","url":"https:\/\/cane.com.pl\/","logo":{"@type":"ImageObject","inLanguage":"pl-PL","@id":"https:\/\/cane.com.pl\/#\/schema\/logo\/image\/","url":"https:\/\/cane.com.pl\/wp-content\/uploads\/2022\/08\/cropped-logo-firmy-2.png","contentUrl":"https:\/\/cane.com.pl\/wp-content\/uploads\/2022\/08\/cropped-logo-firmy-2.png","width":735,"height":829,"caption":"cane"},"image":{"@id":"https:\/\/cane.com.pl\/#\/schema\/logo\/image\/"}}]}},"_links":{"self":[{"href":"https:\/\/cane.com.pl\/index.php\/wp-json\/wp\/v2\/pages\/35","targetHints":{"allow":["GET"]}}],"collection":[{"href":"https:\/\/cane.com.pl\/index.php\/wp-json\/wp\/v2\/pages"}],"about":[{"href":"https:\/\/cane.com.pl\/index.php\/wp-json\/wp\/v2\/types\/page"}],"author":[{"embeddable":true,"href":"https:\/\/cane.com.pl\/index.php\/wp-json\/wp\/v2\/users\/1"}],"replies":[{"embeddable":true,"href":"https:\/\/cane.com.pl\/index.php\/wp-json\/wp\/v2\/comments?post=35"}],"version-history":[{"count":4,"href":"https:\/\/cane.com.pl\/index.php\/wp-json\/wp\/v2\/pages\/35\/revisions"}],"predecessor-version":[{"id":239,"href":"https:\/\/cane.com.pl\/index.php\/wp-json\/wp\/v2\/pages\/35\/revisions\/239"}],"wp:attachment":[{"href":"https:\/\/cane.com.pl\/index.php\/wp-json\/wp\/v2\/media?parent=35"}],"curies":[{"name":"wp","href":"https:\/\/api.w.org\/{rel}","templated":true}]}}