{"id":33,"date":"2022-08-29T06:16:52","date_gmt":"2022-08-29T06:16:52","guid":{"rendered":"https:\/\/cane.com.pl\/?page_id=33"},"modified":"2022-08-30T07:57:50","modified_gmt":"2022-08-30T07:57:50","slug":"cane-sp-z-o-o","status":"publish","type":"page","link":"https:\/\/cane.com.pl\/","title":{"rendered":"Przetw\u00f3rstwo Papieru Cane Sp.z.o.o."},"content":{"rendered":"\t\t<div data-elementor-type=\"wp-page\" data-elementor-id=\"33\" class=\"elementor elementor-33\">\n\t\t\t\t\t\t\t\t\t<section class=\"elementor-section elementor-top-section elementor-element elementor-element-980d5ce elementor-section-boxed elementor-section-height-default elementor-section-height-default\" data-id=\"980d5ce\" data-element_type=\"section\">\n\t\t\t\t\t\t<div class=\"elementor-container elementor-column-gap-default\">\n\t\t\t\t\t<div class=\"elementor-column elementor-col-100 elementor-top-column elementor-element elementor-element-521febd\" data-id=\"521febd\" data-element_type=\"column\">\n\t\t\t<div class=\"elementor-widget-wrap elementor-element-populated\">\n\t\t\t\t\t\t\t\t<div class=\"elementor-element elementor-element-c7fe102 elementor-widget elementor-widget-text-editor\" data-id=\"c7fe102\" data-element_type=\"widget\" data-widget_type=\"text-editor.default\">\n\t\t\t\t<div class=\"elementor-widget-container\">\n\t\t\t<style>\/*! elementor - v3.8.0 - 30-10-2022 *\/\n.elementor-widget-text-editor.elementor-drop-cap-view-stacked .elementor-drop-cap{background-color:#818a91;color:#fff}.elementor-widget-text-editor.elementor-drop-cap-view-framed .elementor-drop-cap{color:#818a91;border:3px solid;background-color:transparent}.elementor-widget-text-editor:not(.elementor-drop-cap-view-default) .elementor-drop-cap{margin-top:8px}.elementor-widget-text-editor:not(.elementor-drop-cap-view-default) .elementor-drop-cap-letter{width:1em;height:1em}.elementor-widget-text-editor .elementor-drop-cap{float:left;text-align:center;line-height:1;font-size:50px}.elementor-widget-text-editor .elementor-drop-cap-letter{display:inline-block}<\/style>\t\t\t\t<p>Firma Cane\u00a0 sp\u00f3\u0142ka z ograniczon\u0105 odpowiedzialno\u015bci\u0105 od wielu lat wsp\u00f3\u0142pracuje z rynkiem hodowli zwierz\u0105t. Na pocz\u0105tku swojej kariery wprowdzi\u0142a na rynek innowacyjny papier do odchowu drobiu. Dzi\u0119ki czemu hodowca podczas wstwienia piskl\u0105t nie musia\u0142 ju\u017c roztawia\u0107 karmik\u00f3w (zazwyczaj wt\u0142oczek) a po podro\u015bni\u0119ciu ptak\u00f3w sprz\u0105ta\u0107 ich z hali, wystarczy\u0142o tylko roz\u0142o\u017cy\u0107 papier kt\u00f3ry sam si\u0119 utylizowa\u0142. dzieki czemu czas przygotowania kurnika do przyj\u0119cia piskl\u0105t skruci\u0142 si\u0119 o 30%. W kolejnym etepie rozwoju firmy by\u0142o opracowanie innowacyjnego Wy\u015bcielenia transportowego do przewozu piskl\u0105t wraz z firm\u0105 AsiaPack oraz Indykpol S.A. Kolejny raz uda\u0142o si\u0119 skr\u00f3ci\u0107 czas w procesie produkcyjnym \u017cywca. Od razu po wprowadzniu na rynek wy\u015bcielenia doszli\u015bmy do wniosku \u017ce ka\u017cdy z naszych produkt\u00f3w musi by\u0107 badany w laboratorium pod wzgl\u0119dem wyst\u0119powania biozanieczyszcze\u0144. powy\u017csze posuni\u0119cie poskutkowa\u0142o sta\u0142\u0105 wsp\u00f3\u0142prac\u0105 z firmami grelavi S.A, oraz Nord-Pol Hatchery. Wyl\u0119garnia drobiu. Gerczak D.A..\u00a0 Dzi\u0119ki zakupowi maszyny do produkcji karton\u00f3w sp\u00f3\u0142ka mog\u0142a zaspokoi\u0107 zapotrzebowanie na kartony do transportu drobiu czy do przewozu mi\u0119sa<\/p><p>Mi\u0119dzy czasie firma rozwija\u0142a si\u0119 nie tylko w kierunku hodowli zwierz\u0105t. Zakup torebkarki umo\u017cliwi\u0142 wytwarzanie toreb krzy\u017cowych o wielu rozmiarach. W podobnym okresie zosta\u0142a uruchomiona llinia do produkcji tulejek papierowych. Dzi\u0119ki pracy technolog\u00f3w wprowdzili\u015bmy ciekawe rozwi\u0105zania dla lokalnych przedsi\u0119biorc\u00f3w miedzy innymi opakowania do regionalnych trunk\u00f3w, opakowania do wina, wype\u0142nienia karton\u00f3w meblowch, zabezpieczenia element\u00f3w szklanych.<\/p><p>Firma podczas proces\u00f3w two\u017cenia wszelakich opakowa\u0144 postanowi\u0142a stworzy\u0107 maszyn\u0119 do produkcji sznurka papierowego. zaskoczeniem dla klient\u00f3w bedzie jego wytrzyma\u0142o\u015b\u0107. dzi\u0119ki kt\u00f3rej chetnie jest wykorzystywany jako r\u0105czki do toreb.\u00a0<\/p><p>Aktualnie sp\u00f3\u0142ka pracuje nad kolejn\u0105 innowacj\u0105 mi\u0119dzy innymi stworzy\u0142a papierow\u0105 palet\u0119 kt\u00f3ra nied\u0142ugo zostanie wprowadzona do sprzeda\u017cy.\u00a0<\/p>\t\t\t\t\t\t<\/div>\n\t\t\t\t<\/div>\n\t\t\t\t\t<\/div>\n\t\t<\/div>\n\t\t\t\t\t\t\t<\/div>\n\t\t<\/section>\n\t\t\t\t\t\t\t<\/div>\n\t\t","protected":false},"excerpt":{"rendered":"<p>Firma Cane\u00a0 sp\u00f3\u0142ka z ograniczon\u0105 odpowiedzialno\u015bci\u0105 od wielu lat wsp\u00f3\u0142pracuje z rynkiem hodowli zwierz\u0105t. Na pocz\u0105tku swojej kariery wprowdzi\u0142a na rynek innowacyjny papier do odchowu drobiu. Dzi\u0119ki czemu hodowca podczas wstwienia piskl\u0105t nie musia\u0142 ju\u017c roztawia\u0107 karmik\u00f3w (zazwyczaj wt\u0142oczek) a po podro\u015bni\u0119ciu ptak\u00f3w sprz\u0105ta\u0107 ich z hali, wystarczy\u0142o tylko roz\u0142o\u017cy\u0107 papier kt\u00f3ry sam si\u0119 utylizowa\u0142. dzieki czemu czas przygotowania kurnika do przyj\u0119cia piskl\u0105t skruci\u0142 si\u0119 o 30%. W kolejnym etepie rozwoju firmy by\u0142o opracowanie innowacyjnego Wy\u015bcielenia transportowego do przewozu piskl\u0105t wraz z firm\u0105 AsiaPack oraz Indykpol S.A. Kolejny raz uda\u0142o si\u0119 skr\u00f3ci\u0107 czas w procesie produkcyjnym \u017cywca. Od razu po wprowadzniu na rynek wy\u015bcielenia doszli\u015bmy do wniosku \u017ce ka\u017cdy z naszych produkt\u00f3w musi by\u0107 badany w laboratorium pod wzgl\u0119dem wyst\u0119powania biozanieczyszcze\u0144. powy\u017csze posuni\u0119cie poskutkowa\u0142o sta\u0142\u0105 wsp\u00f3\u0142prac\u0105 z firmami grelavi S.A, oraz Nord-Pol Hatchery. Wyl\u0119garnia drobiu. Gerczak D.A..\u00a0 Dzi\u0119ki zakupowi maszyny do produkcji karton\u00f3w sp\u00f3\u0142ka mog\u0142a zaspokoi\u0107 zapotrzebowanie na kartony do transportu drobiu czy do przewozu mi\u0119sa Mi\u0119dzy czasie firma rozwija\u0142a si\u0119 nie tylko w kierunku hodowli zwierz\u0105t. Zakup torebkarki umo\u017cliwi\u0142 wytwarzanie toreb krzy\u017cowych o wielu rozmiarach. W podobnym okresie zosta\u0142a uruchomiona llinia do produkcji tulejek papierowych. Dzi\u0119ki pracy technolog\u00f3w wprowdzili\u015bmy ciekawe rozwi\u0105zania dla lokalnych przedsi\u0119biorc\u00f3w miedzy innymi opakowania do regionalnych trunk\u00f3w, opakowania do wina, wype\u0142nienia karton\u00f3w meblowch, zabezpieczenia element\u00f3w szklanych. Firma podczas proces\u00f3w two\u017cenia wszelakich opakowa\u0144 postanowi\u0142a stworzy\u0107 maszyn\u0119 do produkcji sznurka papierowego. zaskoczeniem dla klient\u00f3w bedzie jego wytrzyma\u0142o\u015b\u0107. dzi\u0119ki kt\u00f3rej chetnie jest wykorzystywany jako r\u0105czki do toreb.\u00a0 Aktualnie sp\u00f3\u0142ka pracuje nad kolejn\u0105 innowacj\u0105 mi\u0119dzy innymi stworzy\u0142a papierow\u0105 palet\u0119 kt\u00f3ra nied\u0142ugo zostanie wprowadzona do sprzeda\u017cy.\u00a0<\/p>\n","protected":false},"author":1,"featured_media":0,"parent":0,"menu_order":0,"comment_status":"closed","ping_status":"closed","template":"","meta":{"om_disable_all_campaigns":false,"_monsterinsights_skip_tracking":false,"_monsterinsights_sitenote_active":false,"_monsterinsights_sitenote_note":"","_monsterinsights_sitenote_category":0,"footnotes":""},"class_list":["post-33","page","type-page","status-publish","hentry"],"aioseo_notices":[],"yoast_head":"<!-- This site is optimized with the Yoast SEO plugin v19.10 - https:\/\/yoast.com\/wordpress\/plugins\/seo\/ -->\n<title>Przetw\u00f3rstwo Papieru Cane Sp.z.o.o. - cane<\/title>\n<meta name=\"robots\" content=\"index, follow, max-snippet:-1, max-image-preview:large, max-video-preview:-1\" \/>\n<link rel=\"canonical\" href=\"https:\/\/cane.com.pl\/\" \/>\n<meta property=\"og:locale\" content=\"pl_PL\" \/>\n<meta property=\"og:type\" content=\"article\" \/>\n<meta property=\"og:title\" content=\"Przetw\u00f3rstwo Papieru Cane Sp.z.o.o. - cane\" \/>\n<meta property=\"og:description\" content=\"Firma Cane\u00a0 sp\u00f3\u0142ka z ograniczon\u0105 odpowiedzialno\u015bci\u0105 od wielu lat wsp\u00f3\u0142pracuje z rynkiem hodowli zwierz\u0105t. Na pocz\u0105tku swojej kariery wprowdzi\u0142a na rynek innowacyjny papier do odchowu drobiu. Dzi\u0119ki czemu hodowca podczas wstwienia piskl\u0105t nie musia\u0142 ju\u017c roztawia\u0107 karmik\u00f3w (zazwyczaj wt\u0142oczek) a po podro\u015bni\u0119ciu ptak\u00f3w sprz\u0105ta\u0107 ich z hali, wystarczy\u0142o tylko roz\u0142o\u017cy\u0107 papier kt\u00f3ry sam si\u0119 utylizowa\u0142. dzieki czemu czas przygotowania kurnika do przyj\u0119cia piskl\u0105t skruci\u0142 si\u0119 o 30%. W kolejnym etepie rozwoju firmy by\u0142o opracowanie innowacyjnego Wy\u015bcielenia transportowego do przewozu piskl\u0105t wraz z firm\u0105 AsiaPack oraz Indykpol S.A. Kolejny raz uda\u0142o si\u0119 skr\u00f3ci\u0107 czas w procesie produkcyjnym \u017cywca. Od razu po wprowadzniu na rynek wy\u015bcielenia doszli\u015bmy do wniosku \u017ce ka\u017cdy z naszych produkt\u00f3w musi by\u0107 badany w laboratorium pod wzgl\u0119dem wyst\u0119powania biozanieczyszcze\u0144. powy\u017csze posuni\u0119cie poskutkowa\u0142o sta\u0142\u0105 wsp\u00f3\u0142prac\u0105 z firmami grelavi S.A, oraz Nord-Pol Hatchery. Wyl\u0119garnia drobiu. Gerczak D.A..\u00a0 Dzi\u0119ki zakupowi maszyny do produkcji karton\u00f3w sp\u00f3\u0142ka mog\u0142a zaspokoi\u0107 zapotrzebowanie na kartony do transportu drobiu czy do przewozu mi\u0119sa Mi\u0119dzy czasie firma rozwija\u0142a si\u0119 nie tylko w kierunku hodowli zwierz\u0105t. Zakup torebkarki umo\u017cliwi\u0142 wytwarzanie toreb krzy\u017cowych o wielu rozmiarach. W podobnym okresie zosta\u0142a uruchomiona llinia do produkcji tulejek papierowych. Dzi\u0119ki pracy technolog\u00f3w wprowdzili\u015bmy ciekawe rozwi\u0105zania dla lokalnych przedsi\u0119biorc\u00f3w miedzy innymi opakowania do regionalnych trunk\u00f3w, opakowania do wina, wype\u0142nienia karton\u00f3w meblowch, zabezpieczenia element\u00f3w szklanych. Firma podczas proces\u00f3w two\u017cenia wszelakich opakowa\u0144 postanowi\u0142a stworzy\u0107 maszyn\u0119 do produkcji sznurka papierowego. zaskoczeniem dla klient\u00f3w bedzie jego wytrzyma\u0142o\u015b\u0107. dzi\u0119ki kt\u00f3rej chetnie jest wykorzystywany jako r\u0105czki do toreb.\u00a0 Aktualnie sp\u00f3\u0142ka pracuje nad kolejn\u0105 innowacj\u0105 mi\u0119dzy innymi stworzy\u0142a papierow\u0105 palet\u0119 kt\u00f3ra nied\u0142ugo zostanie wprowadzona do sprzeda\u017cy.\u00a0\" \/>\n<meta property=\"og:url\" content=\"https:\/\/cane.com.pl\/\" \/>\n<meta property=\"og:site_name\" content=\"cane\" \/>\n<meta property=\"article:modified_time\" content=\"2022-08-30T07:57:50+00:00\" \/>\n<meta name=\"twitter:card\" content=\"summary_large_image\" \/>\n<meta name=\"twitter:label1\" content=\"Szacowany czas czytania\" \/>\n\t<meta name=\"twitter:data1\" content=\"2 minuty\" \/>\n<script type=\"application\/ld+json\" class=\"yoast-schema-graph\">{\"@context\":\"https:\/\/schema.org\",\"@graph\":[{\"@type\":\"WebPage\",\"@id\":\"https:\/\/cane.com.pl\/\",\"url\":\"https:\/\/cane.com.pl\/\",\"name\":\"Przetw\u00f3rstwo Papieru Cane Sp.z.o.o. - cane\",\"isPartOf\":{\"@id\":\"https:\/\/cane.com.pl\/#website\"},\"datePublished\":\"2022-08-29T06:16:52+00:00\",\"dateModified\":\"2022-08-30T07:57:50+00:00\",\"breadcrumb\":{\"@id\":\"https:\/\/cane.com.pl\/#breadcrumb\"},\"inLanguage\":\"pl-PL\",\"potentialAction\":[{\"@type\":\"ReadAction\",\"target\":[\"https:\/\/cane.com.pl\/\"]}]},{\"@type\":\"BreadcrumbList\",\"@id\":\"https:\/\/cane.com.pl\/#breadcrumb\",\"itemListElement\":[{\"@type\":\"ListItem\",\"position\":1,\"name\":\"Home\",\"item\":\"https:\/\/cane.com.pl\/\"},{\"@type\":\"ListItem\",\"position\":2,\"name\":\"Przetw\u00f3rstwo Papieru Cane Sp.z.o.o.\"}]},{\"@type\":\"WebSite\",\"@id\":\"https:\/\/cane.com.pl\/#website\",\"url\":\"https:\/\/cane.com.pl\/\",\"name\":\"cane\",\"description\":\"\",\"publisher\":{\"@id\":\"https:\/\/cane.com.pl\/#organization\"},\"potentialAction\":[{\"@type\":\"SearchAction\",\"target\":{\"@type\":\"EntryPoint\",\"urlTemplate\":\"https:\/\/cane.com.pl\/?s={search_term_string}\"},\"query-input\":\"required name=search_term_string\"}],\"inLanguage\":\"pl-PL\"},{\"@type\":\"Organization\",\"@id\":\"https:\/\/cane.com.pl\/#organization\",\"name\":\"cane\",\"url\":\"https:\/\/cane.com.pl\/\",\"logo\":{\"@type\":\"ImageObject\",\"inLanguage\":\"pl-PL\",\"@id\":\"https:\/\/cane.com.pl\/#\/schema\/logo\/image\/\",\"url\":\"https:\/\/cane.com.pl\/wp-content\/uploads\/2022\/08\/cropped-logo-firmy-2.png\",\"contentUrl\":\"https:\/\/cane.com.pl\/wp-content\/uploads\/2022\/08\/cropped-logo-firmy-2.png\",\"width\":735,\"height\":829,\"caption\":\"cane\"},\"image\":{\"@id\":\"https:\/\/cane.com.pl\/#\/schema\/logo\/image\/\"}}]}<\/script>\n<!-- \/ Yoast SEO plugin. -->","yoast_head_json":{"title":"Przetw\u00f3rstwo Papieru Cane Sp.z.o.o. - cane","robots":{"index":"index","follow":"follow","max-snippet":"max-snippet:-1","max-image-preview":"max-image-preview:large","max-video-preview":"max-video-preview:-1"},"canonical":"https:\/\/cane.com.pl\/","og_locale":"pl_PL","og_type":"article","og_title":"Przetw\u00f3rstwo Papieru Cane Sp.z.o.o. - cane","og_description":"Firma Cane\u00a0 sp\u00f3\u0142ka z ograniczon\u0105 odpowiedzialno\u015bci\u0105 od wielu lat wsp\u00f3\u0142pracuje z rynkiem hodowli zwierz\u0105t. Na pocz\u0105tku swojej kariery wprowdzi\u0142a na rynek innowacyjny papier do odchowu drobiu. Dzi\u0119ki czemu hodowca podczas wstwienia piskl\u0105t nie musia\u0142 ju\u017c roztawia\u0107 karmik\u00f3w (zazwyczaj wt\u0142oczek) a po podro\u015bni\u0119ciu ptak\u00f3w sprz\u0105ta\u0107 ich z hali, wystarczy\u0142o tylko roz\u0142o\u017cy\u0107 papier kt\u00f3ry sam si\u0119 utylizowa\u0142. dzieki czemu czas przygotowania kurnika do przyj\u0119cia piskl\u0105t skruci\u0142 si\u0119 o 30%. W kolejnym etepie rozwoju firmy by\u0142o opracowanie innowacyjnego Wy\u015bcielenia transportowego do przewozu piskl\u0105t wraz z firm\u0105 AsiaPack oraz Indykpol S.A. Kolejny raz uda\u0142o si\u0119 skr\u00f3ci\u0107 czas w procesie produkcyjnym \u017cywca. Od razu po wprowadzniu na rynek wy\u015bcielenia doszli\u015bmy do wniosku \u017ce ka\u017cdy z naszych produkt\u00f3w musi by\u0107 badany w laboratorium pod wzgl\u0119dem wyst\u0119powania biozanieczyszcze\u0144. powy\u017csze posuni\u0119cie poskutkowa\u0142o sta\u0142\u0105 wsp\u00f3\u0142prac\u0105 z firmami grelavi S.A, oraz Nord-Pol Hatchery. Wyl\u0119garnia drobiu. Gerczak D.A..\u00a0 Dzi\u0119ki zakupowi maszyny do produkcji karton\u00f3w sp\u00f3\u0142ka mog\u0142a zaspokoi\u0107 zapotrzebowanie na kartony do transportu drobiu czy do przewozu mi\u0119sa Mi\u0119dzy czasie firma rozwija\u0142a si\u0119 nie tylko w kierunku hodowli zwierz\u0105t. Zakup torebkarki umo\u017cliwi\u0142 wytwarzanie toreb krzy\u017cowych o wielu rozmiarach. W podobnym okresie zosta\u0142a uruchomiona llinia do produkcji tulejek papierowych. Dzi\u0119ki pracy technolog\u00f3w wprowdzili\u015bmy ciekawe rozwi\u0105zania dla lokalnych przedsi\u0119biorc\u00f3w miedzy innymi opakowania do regionalnych trunk\u00f3w, opakowania do wina, wype\u0142nienia karton\u00f3w meblowch, zabezpieczenia element\u00f3w szklanych. Firma podczas proces\u00f3w two\u017cenia wszelakich opakowa\u0144 postanowi\u0142a stworzy\u0107 maszyn\u0119 do produkcji sznurka papierowego. zaskoczeniem dla klient\u00f3w bedzie jego wytrzyma\u0142o\u015b\u0107. dzi\u0119ki kt\u00f3rej chetnie jest wykorzystywany jako r\u0105czki do toreb.\u00a0 Aktualnie sp\u00f3\u0142ka pracuje nad kolejn\u0105 innowacj\u0105 mi\u0119dzy innymi stworzy\u0142a papierow\u0105 palet\u0119 kt\u00f3ra nied\u0142ugo zostanie wprowadzona do sprzeda\u017cy.\u00a0","og_url":"https:\/\/cane.com.pl\/","og_site_name":"cane","article_modified_time":"2022-08-30T07:57:50+00:00","twitter_card":"summary_large_image","twitter_misc":{"Szacowany czas czytania":"2 minuty"},"schema":{"@context":"https:\/\/schema.org","@graph":[{"@type":"WebPage","@id":"https:\/\/cane.com.pl\/","url":"https:\/\/cane.com.pl\/","name":"Przetw\u00f3rstwo Papieru Cane Sp.z.o.o. - cane","isPartOf":{"@id":"https:\/\/cane.com.pl\/#website"},"datePublished":"2022-08-29T06:16:52+00:00","dateModified":"2022-08-30T07:57:50+00:00","breadcrumb":{"@id":"https:\/\/cane.com.pl\/#breadcrumb"},"inLanguage":"pl-PL","potentialAction":[{"@type":"ReadAction","target":["https:\/\/cane.com.pl\/"]}]},{"@type":"BreadcrumbList","@id":"https:\/\/cane.com.pl\/#breadcrumb","itemListElement":[{"@type":"ListItem","position":1,"name":"Home","item":"https:\/\/cane.com.pl\/"},{"@type":"ListItem","position":2,"name":"Przetw\u00f3rstwo Papieru Cane Sp.z.o.o."}]},{"@type":"WebSite","@id":"https:\/\/cane.com.pl\/#website","url":"https:\/\/cane.com.pl\/","name":"cane","description":"","publisher":{"@id":"https:\/\/cane.com.pl\/#organization"},"potentialAction":[{"@type":"SearchAction","target":{"@type":"EntryPoint","urlTemplate":"https:\/\/cane.com.pl\/?s={search_term_string}"},"query-input":"required name=search_term_string"}],"inLanguage":"pl-PL"},{"@type":"Organization","@id":"https:\/\/cane.com.pl\/#organization","name":"cane","url":"https:\/\/cane.com.pl\/","logo":{"@type":"ImageObject","inLanguage":"pl-PL","@id":"https:\/\/cane.com.pl\/#\/schema\/logo\/image\/","url":"https:\/\/cane.com.pl\/wp-content\/uploads\/2022\/08\/cropped-logo-firmy-2.png","contentUrl":"https:\/\/cane.com.pl\/wp-content\/uploads\/2022\/08\/cropped-logo-firmy-2.png","width":735,"height":829,"caption":"cane"},"image":{"@id":"https:\/\/cane.com.pl\/#\/schema\/logo\/image\/"}}]}},"_links":{"self":[{"href":"https:\/\/cane.com.pl\/index.php\/wp-json\/wp\/v2\/pages\/33","targetHints":{"allow":["GET"]}}],"collection":[{"href":"https:\/\/cane.com.pl\/index.php\/wp-json\/wp\/v2\/pages"}],"about":[{"href":"https:\/\/cane.com.pl\/index.php\/wp-json\/wp\/v2\/types\/page"}],"author":[{"embeddable":true,"href":"https:\/\/cane.com.pl\/index.php\/wp-json\/wp\/v2\/users\/1"}],"replies":[{"embeddable":true,"href":"https:\/\/cane.com.pl\/index.php\/wp-json\/wp\/v2\/comments?post=33"}],"version-history":[{"count":9,"href":"https:\/\/cane.com.pl\/index.php\/wp-json\/wp\/v2\/pages\/33\/revisions"}],"predecessor-version":[{"id":247,"href":"https:\/\/cane.com.pl\/index.php\/wp-json\/wp\/v2\/pages\/33\/revisions\/247"}],"wp:attachment":[{"href":"https:\/\/cane.com.pl\/index.php\/wp-json\/wp\/v2\/media?parent=33"}],"curies":[{"name":"wp","href":"https:\/\/api.w.org\/{rel}","templated":true}]}}