{"id":179,"date":"2022-08-29T10:55:57","date_gmt":"2022-08-29T10:55:57","guid":{"rendered":"https:\/\/cane.com.pl\/?page_id=179"},"modified":"2022-08-30T12:38:33","modified_gmt":"2022-08-30T12:38:33","slug":"papier-dla-pisklat","status":"publish","type":"page","link":"https:\/\/cane.com.pl\/index.php\/papier-dla-pisklat\/","title":{"rendered":"Papier dla piskl\u0105t"},"content":{"rendered":"\t\t<div data-elementor-type=\"wp-page\" data-elementor-id=\"179\" class=\"elementor elementor-179\">\n\t\t\t\t\t\t\t\t\t<section class=\"elementor-section elementor-top-section elementor-element elementor-element-95ea3a7 elementor-section-boxed elementor-section-height-default elementor-section-height-default\" data-id=\"95ea3a7\" data-element_type=\"section\">\n\t\t\t\t\t\t<div class=\"elementor-container elementor-column-gap-default\">\n\t\t\t\t\t<div class=\"elementor-column elementor-col-50 elementor-top-column elementor-element elementor-element-0f56901\" data-id=\"0f56901\" data-element_type=\"column\">\n\t\t\t<div class=\"elementor-widget-wrap elementor-element-populated\">\n\t\t\t\t\t\t\t\t<div class=\"elementor-element elementor-element-7ac80f4 elementor-widget elementor-widget-image\" data-id=\"7ac80f4\" data-element_type=\"widget\" data-widget_type=\"image.default\">\n\t\t\t\t<div class=\"elementor-widget-container\">\n\t\t\t<style>\/*! elementor - v3.8.0 - 30-10-2022 *\/\n.elementor-widget-image{text-align:center}.elementor-widget-image a{display:inline-block}.elementor-widget-image a img[src$=\".svg\"]{width:48px}.elementor-widget-image img{vertical-align:middle;display:inline-block}<\/style>\t\t\t\t\t\t\t\t\t\t\t\t<img loading=\"lazy\" decoding=\"async\" width=\"960\" height=\"640\" src=\"https:\/\/cane.com.pl\/wp-content\/uploads\/2022\/08\/rulon_papier-1024x683.jpg\" class=\"attachment-large size-large\" alt=\"\" srcset=\"https:\/\/cane.com.pl\/wp-content\/uploads\/2022\/08\/rulon_papier-1024x683.jpg 1024w, https:\/\/cane.com.pl\/wp-content\/uploads\/2022\/08\/rulon_papier-300x200.jpg 300w, https:\/\/cane.com.pl\/wp-content\/uploads\/2022\/08\/rulon_papier-768x512.jpg 768w, https:\/\/cane.com.pl\/wp-content\/uploads\/2022\/08\/rulon_papier-1536x1024.jpg 1536w, https:\/\/cane.com.pl\/wp-content\/uploads\/2022\/08\/rulon_papier-2048x1365.jpg 2048w, https:\/\/cane.com.pl\/wp-content\/uploads\/2022\/08\/rulon_papier-1140x760.jpg 1140w\" sizes=\"auto, (max-width: 960px) 100vw, 960px\" \/>\t\t\t\t\t\t\t\t\t\t\t\t\t\t\t<\/div>\n\t\t\t\t<\/div>\n\t\t\t\t\t<\/div>\n\t\t<\/div>\n\t\t\t\t<div class=\"elementor-column elementor-col-50 elementor-top-column elementor-element elementor-element-287f13d\" data-id=\"287f13d\" data-element_type=\"column\">\n\t\t\t<div class=\"elementor-widget-wrap elementor-element-populated\">\n\t\t\t\t\t\t\t\t<div class=\"elementor-element elementor-element-d9e35b6 elementor-widget elementor-widget-text-editor\" data-id=\"d9e35b6\" data-element_type=\"widget\" data-widget_type=\"text-editor.default\">\n\t\t\t\t<div class=\"elementor-widget-container\">\n\t\t\t<style>\/*! elementor - v3.8.0 - 30-10-2022 *\/\n.elementor-widget-text-editor.elementor-drop-cap-view-stacked .elementor-drop-cap{background-color:#818a91;color:#fff}.elementor-widget-text-editor.elementor-drop-cap-view-framed .elementor-drop-cap{color:#818a91;border:3px solid;background-color:transparent}.elementor-widget-text-editor:not(.elementor-drop-cap-view-default) .elementor-drop-cap{margin-top:8px}.elementor-widget-text-editor:not(.elementor-drop-cap-view-default) .elementor-drop-cap-letter{width:1em;height:1em}.elementor-widget-text-editor .elementor-drop-cap{float:left;text-align:center;line-height:1;font-size:50px}.elementor-widget-text-editor .elementor-drop-cap-letter{display:inline-block}<\/style>\t\t\t\t<p>Papier dla piskl\u0105t znajduje swe zastosowanie w pocz\u0105tkowym okresie hodowli drobiu. Dostarczany jest w postaci nawini\u0119tego na rolk\u0119 pasa specjalnego gatunku papieru o szeroko\u015bci ~63,5 cm i d\u0142ugo\u015bci: 150, 180 lub 200 m.<\/p>\t\t\t\t\t\t<\/div>\n\t\t\t\t<\/div>\n\t\t\t\t\t<\/div>\n\t\t<\/div>\n\t\t\t\t\t\t\t<\/div>\n\t\t<\/section>\n\t\t\t\t<section class=\"elementor-section elementor-top-section elementor-element elementor-element-ca4d435 elementor-section-boxed elementor-section-height-default elementor-section-height-default\" data-id=\"ca4d435\" data-element_type=\"section\">\n\t\t\t\t\t\t<div class=\"elementor-container elementor-column-gap-default\">\n\t\t\t\t\t<div class=\"elementor-column elementor-col-50 elementor-top-column elementor-element elementor-element-458768a\" data-id=\"458768a\" data-element_type=\"column\">\n\t\t\t<div class=\"elementor-widget-wrap elementor-element-populated\">\n\t\t\t\t\t\t\t\t<div class=\"elementor-element elementor-element-02e8d28 elementor-widget elementor-widget-text-editor\" data-id=\"02e8d28\" data-element_type=\"widget\" data-widget_type=\"text-editor.default\">\n\t\t\t\t<div class=\"elementor-widget-container\">\n\t\t\t\t\t\t\t<p>Roz\u0142o\u017cenie go na posadzce budynku inwentarskiego i wy\u0142o\u017cenie na nim karmy jest sprawdzon\u0105 praktyk\u0105 w pierwszym stadium adaptacji piskl\u0105t do warunk\u00f3w hodowlanych. G\u0142\u00f3wnym jego zadaniem jest przy\u015bpieszenie orientacji piskl\u0105t w kierowaniu si\u0119 do linii pasz i pojenia, zapewniaj\u0105c\u0105 przyrost masy w inicjuj\u0105cej fazie chowy. Jego<br \/>stosowanie pozwala r\u00f3wnie\u017c na naturalne oddzielenie zdrowych i mocnych osobnik\u00f3w od s\u0142abszych. Ponadto dzi\u0119ki swym w\u0142a\u015bciwo\u015bciom antybakteryjnym<\/p>\t\t\t\t\t\t<\/div>\n\t\t\t\t<\/div>\n\t\t\t\t\t<\/div>\n\t\t<\/div>\n\t\t\t\t<div class=\"elementor-column elementor-col-50 elementor-top-column elementor-element elementor-element-70a9231\" data-id=\"70a9231\" data-element_type=\"column\">\n\t\t\t<div class=\"elementor-widget-wrap elementor-element-populated\">\n\t\t\t\t\t\t\t\t<div class=\"elementor-element elementor-element-76ee3e1 elementor-widget elementor-widget-image\" data-id=\"76ee3e1\" data-element_type=\"widget\" data-widget_type=\"image.default\">\n\t\t\t\t<div class=\"elementor-widget-container\">\n\t\t\t\t\t\t\t\t\t\t\t\t\t\t\t<img loading=\"lazy\" decoding=\"async\" width=\"683\" height=\"1024\" src=\"https:\/\/cane.com.pl\/wp-content\/uploads\/2022\/08\/pion_rulon_papier-683x1024.jpg\" class=\"attachment-large size-large\" alt=\"\" srcset=\"https:\/\/cane.com.pl\/wp-content\/uploads\/2022\/08\/pion_rulon_papier-683x1024.jpg 683w, https:\/\/cane.com.pl\/wp-content\/uploads\/2022\/08\/pion_rulon_papier-200x300.jpg 200w, https:\/\/cane.com.pl\/wp-content\/uploads\/2022\/08\/pion_rulon_papier-768x1152.jpg 768w, https:\/\/cane.com.pl\/wp-content\/uploads\/2022\/08\/pion_rulon_papier-1024x1536.jpg 1024w, https:\/\/cane.com.pl\/wp-content\/uploads\/2022\/08\/pion_rulon_papier-1365x2048.jpg 1365w, https:\/\/cane.com.pl\/wp-content\/uploads\/2022\/08\/pion_rulon_papier-1140x1710.jpg 1140w, https:\/\/cane.com.pl\/wp-content\/uploads\/2022\/08\/pion_rulon_papier-scaled.jpg 1707w\" sizes=\"auto, (max-width: 683px) 100vw, 683px\" \/>\t\t\t\t\t\t\t\t\t\t\t\t\t\t\t<\/div>\n\t\t\t\t<\/div>\n\t\t\t\t\t<\/div>\n\t\t<\/div>\n\t\t\t\t\t\t\t<\/div>\n\t\t<\/section>\n\t\t\t\t<section class=\"elementor-section elementor-top-section elementor-element elementor-element-853975f elementor-section-boxed elementor-section-height-default elementor-section-height-default\" data-id=\"853975f\" data-element_type=\"section\">\n\t\t\t\t\t\t<div class=\"elementor-container elementor-column-gap-default\">\n\t\t\t\t\t<div class=\"elementor-column elementor-col-50 elementor-top-column elementor-element elementor-element-a1d17a4\" data-id=\"a1d17a4\" data-element_type=\"column\">\n\t\t\t<div class=\"elementor-widget-wrap elementor-element-populated\">\n\t\t\t\t\t\t\t\t<div class=\"elementor-element elementor-element-6f647af elementor-widget elementor-widget-image\" data-id=\"6f647af\" data-element_type=\"widget\" data-widget_type=\"image.default\">\n\t\t\t\t<div class=\"elementor-widget-container\">\n\t\t\t\t\t\t\t\t\t\t\t\t\t\t\t<img loading=\"lazy\" decoding=\"async\" width=\"960\" height=\"540\" src=\"https:\/\/cane.com.pl\/wp-content\/uploads\/2022\/08\/DSC1429-1024x576.jpg\" class=\"attachment-large size-large\" alt=\"\" srcset=\"https:\/\/cane.com.pl\/wp-content\/uploads\/2022\/08\/DSC1429-1024x576.jpg 1024w, https:\/\/cane.com.pl\/wp-content\/uploads\/2022\/08\/DSC1429-300x169.jpg 300w, https:\/\/cane.com.pl\/wp-content\/uploads\/2022\/08\/DSC1429-768x432.jpg 768w, https:\/\/cane.com.pl\/wp-content\/uploads\/2022\/08\/DSC1429-1536x864.jpg 1536w, https:\/\/cane.com.pl\/wp-content\/uploads\/2022\/08\/DSC1429-2048x1152.jpg 2048w, https:\/\/cane.com.pl\/wp-content\/uploads\/2022\/08\/DSC1429-1140x641.jpg 1140w\" sizes=\"auto, (max-width: 960px) 100vw, 960px\" \/>\t\t\t\t\t\t\t\t\t\t\t\t\t\t\t<\/div>\n\t\t\t\t<\/div>\n\t\t\t\t\t<\/div>\n\t\t<\/div>\n\t\t\t\t<div class=\"elementor-column elementor-col-50 elementor-top-column elementor-element elementor-element-3f2df6f\" data-id=\"3f2df6f\" data-element_type=\"column\">\n\t\t\t<div class=\"elementor-widget-wrap elementor-element-populated\">\n\t\t\t\t\t\t\t\t<div class=\"elementor-element elementor-element-6f06b3b elementor-widget elementor-widget-text-editor\" data-id=\"6f06b3b\" data-element_type=\"widget\" data-widget_type=\"text-editor.default\">\n\t\t\t\t<div class=\"elementor-widget-container\">\n\t\t\t\t\t\t\t<p>i aseptycznym oraz izoluj\u0105cym chroni on m\u0142ode piskl\u0119ta przed chorobami kostno-<br \/>stawowymi. Papier w czasie rozk\u0142adania jest wytrzyma\u0142y i mocny, a po tygodniu<br \/>u\u017cytkowania, po wype\u0142nieniu swej roli, ulega procesowi samoistnej biodegradacji<br \/>przekszta\u0142caj\u0105c si\u0119 w \u015bci\u00f3\u0142k\u0119 (z tego powodu, nie ma potrzeby jego usuwania).<\/p>\t\t\t\t\t\t<\/div>\n\t\t\t\t<\/div>\n\t\t\t\t\t<\/div>\n\t\t<\/div>\n\t\t\t\t\t\t\t<\/div>\n\t\t<\/section>\n\t\t\t\t<section class=\"elementor-section elementor-top-section elementor-element elementor-element-4e6cd13 elementor-section-boxed elementor-section-height-default elementor-section-height-default\" data-id=\"4e6cd13\" data-element_type=\"section\">\n\t\t\t\t\t\t<div class=\"elementor-container elementor-column-gap-default\">\n\t\t\t\t\t<div class=\"elementor-column elementor-col-50 elementor-top-column elementor-element elementor-element-9025fd6\" data-id=\"9025fd6\" data-element_type=\"column\">\n\t\t\t<div class=\"elementor-widget-wrap elementor-element-populated\">\n\t\t\t\t\t\t\t\t<div class=\"elementor-element elementor-element-7c2e996 elementor-widget elementor-widget-text-editor\" data-id=\"7c2e996\" data-element_type=\"widget\" data-widget_type=\"text-editor.default\">\n\t\t\t\t<div class=\"elementor-widget-container\">\n\t\t\t\t\t\t\t<p>i aseptycznym oraz izoluj\u0105cym chroni on m\u0142ode piskl\u0119ta przed chorobami kostno- stawowymi. Papier w czasie rozk\u0142adania jest wytrzyma\u0142y i mocny, a po tygodniu u\u017cytkowania, po wype\u0142nieniu swej roli, ulega procesowi samoistnej biodegradacji przekszta\u0142caj\u0105c si\u0119 w \u015bci\u00f3\u0142k\u0119 (z tego powodu, nie ma potrzeby jego usuwania).<\/p>\t\t\t\t\t\t<\/div>\n\t\t\t\t<\/div>\n\t\t\t\t\t<\/div>\n\t\t<\/div>\n\t\t\t\t<div class=\"elementor-column elementor-col-50 elementor-top-column elementor-element elementor-element-06355f8\" data-id=\"06355f8\" data-element_type=\"column\">\n\t\t\t<div class=\"elementor-widget-wrap elementor-element-populated\">\n\t\t\t\t\t\t\t\t<div class=\"elementor-element elementor-element-237372b elementor-widget elementor-widget-image\" data-id=\"237372b\" data-element_type=\"widget\" data-widget_type=\"image.default\">\n\t\t\t\t<div class=\"elementor-widget-container\">\n\t\t\t\t\t\t\t\t\t\t\t\t\t\t\t<img loading=\"lazy\" decoding=\"async\" width=\"960\" height=\"540\" src=\"https:\/\/cane.com.pl\/wp-content\/uploads\/2022\/08\/DSC1423-1024x576.jpg\" class=\"attachment-large size-large\" alt=\"\" srcset=\"https:\/\/cane.com.pl\/wp-content\/uploads\/2022\/08\/DSC1423-1024x576.jpg 1024w, https:\/\/cane.com.pl\/wp-content\/uploads\/2022\/08\/DSC1423-300x169.jpg 300w, https:\/\/cane.com.pl\/wp-content\/uploads\/2022\/08\/DSC1423-768x432.jpg 768w, https:\/\/cane.com.pl\/wp-content\/uploads\/2022\/08\/DSC1423-1536x864.jpg 1536w, https:\/\/cane.com.pl\/wp-content\/uploads\/2022\/08\/DSC1423-2048x1152.jpg 2048w, https:\/\/cane.com.pl\/wp-content\/uploads\/2022\/08\/DSC1423-1140x641.jpg 1140w\" sizes=\"auto, (max-width: 960px) 100vw, 960px\" \/>\t\t\t\t\t\t\t\t\t\t\t\t\t\t\t<\/div>\n\t\t\t\t<\/div>\n\t\t\t\t\t<\/div>\n\t\t<\/div>\n\t\t\t\t\t\t\t<\/div>\n\t\t<\/section>\n\t\t\t\t\t\t\t<\/div>\n\t\t","protected":false},"excerpt":{"rendered":"<p>Papier dla piskl\u0105t znajduje swe zastosowanie w pocz\u0105tkowym okresie hodowli drobiu. Dostarczany jest w postaci nawini\u0119tego na rolk\u0119 pasa specjalnego gatunku papieru o szeroko\u015bci ~63,5 cm i d\u0142ugo\u015bci: 150, 180 lub 200 m. Roz\u0142o\u017cenie go na posadzce budynku inwentarskiego i wy\u0142o\u017cenie na nim karmy jest sprawdzon\u0105 praktyk\u0105 w pierwszym stadium adaptacji piskl\u0105t do warunk\u00f3w hodowlanych. G\u0142\u00f3wnym jego zadaniem jest przy\u015bpieszenie orientacji piskl\u0105t w kierowaniu si\u0119 do linii pasz i pojenia, zapewniaj\u0105c\u0105 przyrost masy w inicjuj\u0105cej fazie chowy. Jegostosowanie pozwala r\u00f3wnie\u017c na naturalne oddzielenie zdrowych i mocnych osobnik\u00f3w od s\u0142abszych. Ponadto dzi\u0119ki swym w\u0142a\u015bciwo\u015bciom antybakteryjnym i aseptycznym oraz izoluj\u0105cym chroni on m\u0142ode piskl\u0119ta przed chorobami kostno-stawowymi. Papier w czasie rozk\u0142adania jest wytrzyma\u0142y i mocny, a po tygodniuu\u017cytkowania, po wype\u0142nieniu swej roli, ulega procesowi samoistnej biodegradacjiprzekszta\u0142caj\u0105c si\u0119 w \u015bci\u00f3\u0142k\u0119 (z tego powodu, nie ma potrzeby jego usuwania). i aseptycznym oraz izoluj\u0105cym chroni on m\u0142ode piskl\u0119ta przed chorobami kostno- stawowymi. Papier w czasie rozk\u0142adania jest wytrzyma\u0142y i mocny, a po tygodniu u\u017cytkowania, po wype\u0142nieniu swej roli, ulega procesowi samoistnej biodegradacji przekszta\u0142caj\u0105c si\u0119 w \u015bci\u00f3\u0142k\u0119 (z tego powodu, nie ma potrzeby jego usuwania).<\/p>\n","protected":false},"author":1,"featured_media":0,"parent":0,"menu_order":0,"comment_status":"closed","ping_status":"closed","template":"","meta":{"om_disable_all_campaigns":false,"_monsterinsights_skip_tracking":false,"_monsterinsights_sitenote_active":false,"_monsterinsights_sitenote_note":"","_monsterinsights_sitenote_category":0,"footnotes":""},"class_list":["post-179","page","type-page","status-publish","hentry"],"aioseo_notices":[],"yoast_head":"<!-- This site is optimized with the Yoast SEO plugin v19.10 - https:\/\/yoast.com\/wordpress\/plugins\/seo\/ -->\n<title>Papier dla piskl\u0105t - cane<\/title>\n<meta name=\"robots\" content=\"index, follow, max-snippet:-1, max-image-preview:large, max-video-preview:-1\" \/>\n<link rel=\"canonical\" href=\"https:\/\/cane.com.pl\/index.php\/papier-dla-pisklat\/\" \/>\n<meta property=\"og:locale\" content=\"pl_PL\" \/>\n<meta property=\"og:type\" content=\"article\" \/>\n<meta property=\"og:title\" content=\"Papier dla piskl\u0105t - cane\" \/>\n<meta property=\"og:description\" content=\"Papier dla piskl\u0105t znajduje swe zastosowanie w pocz\u0105tkowym okresie hodowli drobiu. Dostarczany jest w postaci nawini\u0119tego na rolk\u0119 pasa specjalnego gatunku papieru o szeroko\u015bci ~63,5 cm i d\u0142ugo\u015bci: 150, 180 lub 200 m. Roz\u0142o\u017cenie go na posadzce budynku inwentarskiego i wy\u0142o\u017cenie na nim karmy jest sprawdzon\u0105 praktyk\u0105 w pierwszym stadium adaptacji piskl\u0105t do warunk\u00f3w hodowlanych. G\u0142\u00f3wnym jego zadaniem jest przy\u015bpieszenie orientacji piskl\u0105t w kierowaniu si\u0119 do linii pasz i pojenia, zapewniaj\u0105c\u0105 przyrost masy w inicjuj\u0105cej fazie chowy. Jegostosowanie pozwala r\u00f3wnie\u017c na naturalne oddzielenie zdrowych i mocnych osobnik\u00f3w od s\u0142abszych. Ponadto dzi\u0119ki swym w\u0142a\u015bciwo\u015bciom antybakteryjnym i aseptycznym oraz izoluj\u0105cym chroni on m\u0142ode piskl\u0119ta przed chorobami kostno-stawowymi. Papier w czasie rozk\u0142adania jest wytrzyma\u0142y i mocny, a po tygodniuu\u017cytkowania, po wype\u0142nieniu swej roli, ulega procesowi samoistnej biodegradacjiprzekszta\u0142caj\u0105c si\u0119 w \u015bci\u00f3\u0142k\u0119 (z tego powodu, nie ma potrzeby jego usuwania). i aseptycznym oraz izoluj\u0105cym chroni on m\u0142ode piskl\u0119ta przed chorobami kostno- stawowymi. Papier w czasie rozk\u0142adania jest wytrzyma\u0142y i mocny, a po tygodniu u\u017cytkowania, po wype\u0142nieniu swej roli, ulega procesowi samoistnej biodegradacji przekszta\u0142caj\u0105c si\u0119 w \u015bci\u00f3\u0142k\u0119 (z tego powodu, nie ma potrzeby jego usuwania).\" \/>\n<meta property=\"og:url\" content=\"https:\/\/cane.com.pl\/index.php\/papier-dla-pisklat\/\" \/>\n<meta property=\"og:site_name\" content=\"cane\" \/>\n<meta property=\"article:modified_time\" content=\"2022-08-30T12:38:33+00:00\" \/>\n<meta property=\"og:image\" content=\"https:\/\/cane.com.pl\/wp-content\/uploads\/2022\/08\/rulon_papier-1024x683.jpg\" \/>\n<meta name=\"twitter:card\" content=\"summary_large_image\" \/>\n<meta name=\"twitter:label1\" content=\"Szacowany czas czytania\" \/>\n\t<meta name=\"twitter:data1\" content=\"2 minuty\" \/>\n<script type=\"application\/ld+json\" class=\"yoast-schema-graph\">{\"@context\":\"https:\/\/schema.org\",\"@graph\":[{\"@type\":\"WebPage\",\"@id\":\"https:\/\/cane.com.pl\/index.php\/papier-dla-pisklat\/\",\"url\":\"https:\/\/cane.com.pl\/index.php\/papier-dla-pisklat\/\",\"name\":\"Papier dla piskl\u0105t - cane\",\"isPartOf\":{\"@id\":\"https:\/\/cane.com.pl\/#website\"},\"datePublished\":\"2022-08-29T10:55:57+00:00\",\"dateModified\":\"2022-08-30T12:38:33+00:00\",\"breadcrumb\":{\"@id\":\"https:\/\/cane.com.pl\/index.php\/papier-dla-pisklat\/#breadcrumb\"},\"inLanguage\":\"pl-PL\",\"potentialAction\":[{\"@type\":\"ReadAction\",\"target\":[\"https:\/\/cane.com.pl\/index.php\/papier-dla-pisklat\/\"]}]},{\"@type\":\"BreadcrumbList\",\"@id\":\"https:\/\/cane.com.pl\/index.php\/papier-dla-pisklat\/#breadcrumb\",\"itemListElement\":[{\"@type\":\"ListItem\",\"position\":1,\"name\":\"Home\",\"item\":\"https:\/\/cane.com.pl\/\"},{\"@type\":\"ListItem\",\"position\":2,\"name\":\"Papier dla piskl\u0105t\"}]},{\"@type\":\"WebSite\",\"@id\":\"https:\/\/cane.com.pl\/#website\",\"url\":\"https:\/\/cane.com.pl\/\",\"name\":\"cane\",\"description\":\"\",\"publisher\":{\"@id\":\"https:\/\/cane.com.pl\/#organization\"},\"potentialAction\":[{\"@type\":\"SearchAction\",\"target\":{\"@type\":\"EntryPoint\",\"urlTemplate\":\"https:\/\/cane.com.pl\/?s={search_term_string}\"},\"query-input\":\"required name=search_term_string\"}],\"inLanguage\":\"pl-PL\"},{\"@type\":\"Organization\",\"@id\":\"https:\/\/cane.com.pl\/#organization\",\"name\":\"cane\",\"url\":\"https:\/\/cane.com.pl\/\",\"logo\":{\"@type\":\"ImageObject\",\"inLanguage\":\"pl-PL\",\"@id\":\"https:\/\/cane.com.pl\/#\/schema\/logo\/image\/\",\"url\":\"https:\/\/cane.com.pl\/wp-content\/uploads\/2022\/08\/cropped-logo-firmy-2.png\",\"contentUrl\":\"https:\/\/cane.com.pl\/wp-content\/uploads\/2022\/08\/cropped-logo-firmy-2.png\",\"width\":735,\"height\":829,\"caption\":\"cane\"},\"image\":{\"@id\":\"https:\/\/cane.com.pl\/#\/schema\/logo\/image\/\"}}]}<\/script>\n<!-- \/ Yoast SEO plugin. -->","yoast_head_json":{"title":"Papier dla piskl\u0105t - cane","robots":{"index":"index","follow":"follow","max-snippet":"max-snippet:-1","max-image-preview":"max-image-preview:large","max-video-preview":"max-video-preview:-1"},"canonical":"https:\/\/cane.com.pl\/index.php\/papier-dla-pisklat\/","og_locale":"pl_PL","og_type":"article","og_title":"Papier dla piskl\u0105t - cane","og_description":"Papier dla piskl\u0105t znajduje swe zastosowanie w pocz\u0105tkowym okresie hodowli drobiu. Dostarczany jest w postaci nawini\u0119tego na rolk\u0119 pasa specjalnego gatunku papieru o szeroko\u015bci ~63,5 cm i d\u0142ugo\u015bci: 150, 180 lub 200 m. Roz\u0142o\u017cenie go na posadzce budynku inwentarskiego i wy\u0142o\u017cenie na nim karmy jest sprawdzon\u0105 praktyk\u0105 w pierwszym stadium adaptacji piskl\u0105t do warunk\u00f3w hodowlanych. G\u0142\u00f3wnym jego zadaniem jest przy\u015bpieszenie orientacji piskl\u0105t w kierowaniu si\u0119 do linii pasz i pojenia, zapewniaj\u0105c\u0105 przyrost masy w inicjuj\u0105cej fazie chowy. Jegostosowanie pozwala r\u00f3wnie\u017c na naturalne oddzielenie zdrowych i mocnych osobnik\u00f3w od s\u0142abszych. Ponadto dzi\u0119ki swym w\u0142a\u015bciwo\u015bciom antybakteryjnym i aseptycznym oraz izoluj\u0105cym chroni on m\u0142ode piskl\u0119ta przed chorobami kostno-stawowymi. Papier w czasie rozk\u0142adania jest wytrzyma\u0142y i mocny, a po tygodniuu\u017cytkowania, po wype\u0142nieniu swej roli, ulega procesowi samoistnej biodegradacjiprzekszta\u0142caj\u0105c si\u0119 w \u015bci\u00f3\u0142k\u0119 (z tego powodu, nie ma potrzeby jego usuwania). i aseptycznym oraz izoluj\u0105cym chroni on m\u0142ode piskl\u0119ta przed chorobami kostno- stawowymi. Papier w czasie rozk\u0142adania jest wytrzyma\u0142y i mocny, a po tygodniu u\u017cytkowania, po wype\u0142nieniu swej roli, ulega procesowi samoistnej biodegradacji przekszta\u0142caj\u0105c si\u0119 w \u015bci\u00f3\u0142k\u0119 (z tego powodu, nie ma potrzeby jego usuwania).","og_url":"https:\/\/cane.com.pl\/index.php\/papier-dla-pisklat\/","og_site_name":"cane","article_modified_time":"2022-08-30T12:38:33+00:00","og_image":[{"url":"https:\/\/cane.com.pl\/wp-content\/uploads\/2022\/08\/rulon_papier-1024x683.jpg"}],"twitter_card":"summary_large_image","twitter_misc":{"Szacowany czas czytania":"2 minuty"},"schema":{"@context":"https:\/\/schema.org","@graph":[{"@type":"WebPage","@id":"https:\/\/cane.com.pl\/index.php\/papier-dla-pisklat\/","url":"https:\/\/cane.com.pl\/index.php\/papier-dla-pisklat\/","name":"Papier dla piskl\u0105t - cane","isPartOf":{"@id":"https:\/\/cane.com.pl\/#website"},"datePublished":"2022-08-29T10:55:57+00:00","dateModified":"2022-08-30T12:38:33+00:00","breadcrumb":{"@id":"https:\/\/cane.com.pl\/index.php\/papier-dla-pisklat\/#breadcrumb"},"inLanguage":"pl-PL","potentialAction":[{"@type":"ReadAction","target":["https:\/\/cane.com.pl\/index.php\/papier-dla-pisklat\/"]}]},{"@type":"BreadcrumbList","@id":"https:\/\/cane.com.pl\/index.php\/papier-dla-pisklat\/#breadcrumb","itemListElement":[{"@type":"ListItem","position":1,"name":"Home","item":"https:\/\/cane.com.pl\/"},{"@type":"ListItem","position":2,"name":"Papier dla piskl\u0105t"}]},{"@type":"WebSite","@id":"https:\/\/cane.com.pl\/#website","url":"https:\/\/cane.com.pl\/","name":"cane","description":"","publisher":{"@id":"https:\/\/cane.com.pl\/#organization"},"potentialAction":[{"@type":"SearchAction","target":{"@type":"EntryPoint","urlTemplate":"https:\/\/cane.com.pl\/?s={search_term_string}"},"query-input":"required name=search_term_string"}],"inLanguage":"pl-PL"},{"@type":"Organization","@id":"https:\/\/cane.com.pl\/#organization","name":"cane","url":"https:\/\/cane.com.pl\/","logo":{"@type":"ImageObject","inLanguage":"pl-PL","@id":"https:\/\/cane.com.pl\/#\/schema\/logo\/image\/","url":"https:\/\/cane.com.pl\/wp-content\/uploads\/2022\/08\/cropped-logo-firmy-2.png","contentUrl":"https:\/\/cane.com.pl\/wp-content\/uploads\/2022\/08\/cropped-logo-firmy-2.png","width":735,"height":829,"caption":"cane"},"image":{"@id":"https:\/\/cane.com.pl\/#\/schema\/logo\/image\/"}}]}},"_links":{"self":[{"href":"https:\/\/cane.com.pl\/index.php\/wp-json\/wp\/v2\/pages\/179","targetHints":{"allow":["GET"]}}],"collection":[{"href":"https:\/\/cane.com.pl\/index.php\/wp-json\/wp\/v2\/pages"}],"about":[{"href":"https:\/\/cane.com.pl\/index.php\/wp-json\/wp\/v2\/types\/page"}],"author":[{"embeddable":true,"href":"https:\/\/cane.com.pl\/index.php\/wp-json\/wp\/v2\/users\/1"}],"replies":[{"embeddable":true,"href":"https:\/\/cane.com.pl\/index.php\/wp-json\/wp\/v2\/comments?post=179"}],"version-history":[{"count":5,"href":"https:\/\/cane.com.pl\/index.php\/wp-json\/wp\/v2\/pages\/179\/revisions"}],"predecessor-version":[{"id":318,"href":"https:\/\/cane.com.pl\/index.php\/wp-json\/wp\/v2\/pages\/179\/revisions\/318"}],"wp:attachment":[{"href":"https:\/\/cane.com.pl\/index.php\/wp-json\/wp\/v2\/media?parent=179"}],"curies":[{"name":"wp","href":"https:\/\/api.w.org\/{rel}","templated":true}]}}