{"id":173,"date":"2022-08-29T10:55:04","date_gmt":"2022-08-29T10:55:04","guid":{"rendered":"https:\/\/cane.com.pl\/?page_id=173"},"modified":"2022-08-30T12:28:36","modified_gmt":"2022-08-30T12:28:36","slug":"wyscielenia-transportowe","status":"publish","type":"page","link":"https:\/\/cane.com.pl\/index.php\/wyscielenia-transportowe\/","title":{"rendered":"Wy\u015bcielenia transportowe"},"content":{"rendered":"\t\t<div data-elementor-type=\"wp-page\" data-elementor-id=\"173\" class=\"elementor elementor-173\">\n\t\t\t\t\t\t\t\t\t<section class=\"elementor-section elementor-top-section elementor-element elementor-element-6bf79e5 elementor-section-boxed elementor-section-height-default elementor-section-height-default\" data-id=\"6bf79e5\" data-element_type=\"section\">\n\t\t\t\t\t\t<div class=\"elementor-container elementor-column-gap-default\">\n\t\t\t\t\t<div class=\"elementor-column elementor-col-50 elementor-top-column elementor-element elementor-element-9c2fb01\" data-id=\"9c2fb01\" data-element_type=\"column\">\n\t\t\t<div class=\"elementor-widget-wrap elementor-element-populated\">\n\t\t\t\t\t\t\t\t<div class=\"elementor-element elementor-element-5cc5b0a elementor-widget elementor-widget-text-editor\" data-id=\"5cc5b0a\" data-element_type=\"widget\" data-widget_type=\"text-editor.default\">\n\t\t\t\t<div class=\"elementor-widget-container\">\n\t\t\t<style>\/*! elementor - v3.8.0 - 30-10-2022 *\/\n.elementor-widget-text-editor.elementor-drop-cap-view-stacked .elementor-drop-cap{background-color:#818a91;color:#fff}.elementor-widget-text-editor.elementor-drop-cap-view-framed .elementor-drop-cap{color:#818a91;border:3px solid;background-color:transparent}.elementor-widget-text-editor:not(.elementor-drop-cap-view-default) .elementor-drop-cap{margin-top:8px}.elementor-widget-text-editor:not(.elementor-drop-cap-view-default) .elementor-drop-cap-letter{width:1em;height:1em}.elementor-widget-text-editor .elementor-drop-cap{float:left;text-align:center;line-height:1;font-size:50px}.elementor-widget-text-editor .elementor-drop-cap-letter{display:inline-block}<\/style>\t\t\t\t<p>Do bezpiecznego przenoszenia i przewozu piskl\u0105t oferujemy ch\u0142onn\u0105 i jednocze\u015bnie izoluj\u0105c\u0105 termicznie wy\u015bci\u00f3\u0142k\u0119 pojemnik\u00f3w wykonan\u0105 z papieru podk\u0142adowego. Mi\u0119kka wy\u015bci\u00f3\u0142ka produkowana jest w postaci arkuszy, a sztywniejsza przypominaj\u0105ca zaprasowan\u0105 struktur\u0119 plastra miodu w postaci p\u0142yt.<\/p>\t\t\t\t\t\t<\/div>\n\t\t\t\t<\/div>\n\t\t\t\t\t<\/div>\n\t\t<\/div>\n\t\t\t\t<div class=\"elementor-column elementor-col-50 elementor-top-column elementor-element elementor-element-02b52a8\" data-id=\"02b52a8\" data-element_type=\"column\">\n\t\t\t<div class=\"elementor-widget-wrap elementor-element-populated\">\n\t\t\t\t\t\t\t\t<div class=\"elementor-element elementor-element-be4b634 elementor-widget elementor-widget-image\" data-id=\"be4b634\" data-element_type=\"widget\" data-widget_type=\"image.default\">\n\t\t\t\t<div class=\"elementor-widget-container\">\n\t\t\t<style>\/*! elementor - v3.8.0 - 30-10-2022 *\/\n.elementor-widget-image{text-align:center}.elementor-widget-image a{display:inline-block}.elementor-widget-image a img[src$=\".svg\"]{width:48px}.elementor-widget-image img{vertical-align:middle;display:inline-block}<\/style>\t\t\t\t\t\t\t\t\t\t\t\t<img loading=\"lazy\" decoding=\"async\" width=\"768\" height=\"1024\" src=\"https:\/\/cane.com.pl\/wp-content\/uploads\/2022\/08\/wklad-pisklak-3-768x1024.jpg\" class=\"attachment-large size-large\" alt=\"\" srcset=\"https:\/\/cane.com.pl\/wp-content\/uploads\/2022\/08\/wklad-pisklak-3-768x1024.jpg 768w, https:\/\/cane.com.pl\/wp-content\/uploads\/2022\/08\/wklad-pisklak-3-225x300.jpg 225w, https:\/\/cane.com.pl\/wp-content\/uploads\/2022\/08\/wklad-pisklak-3.jpg 1122w\" sizes=\"auto, (max-width: 768px) 100vw, 768px\" \/>\t\t\t\t\t\t\t\t\t\t\t\t\t\t\t<\/div>\n\t\t\t\t<\/div>\n\t\t\t\t\t<\/div>\n\t\t<\/div>\n\t\t\t\t\t\t\t<\/div>\n\t\t<\/section>\n\t\t\t\t<section class=\"elementor-section elementor-top-section elementor-element elementor-element-3801944 elementor-section-boxed elementor-section-height-default elementor-section-height-default\" data-id=\"3801944\" data-element_type=\"section\">\n\t\t\t\t\t\t<div class=\"elementor-container elementor-column-gap-default\">\n\t\t\t\t\t<div class=\"elementor-column elementor-col-50 elementor-top-column elementor-element elementor-element-52def08\" data-id=\"52def08\" data-element_type=\"column\">\n\t\t\t<div class=\"elementor-widget-wrap elementor-element-populated\">\n\t\t\t\t\t\t\t\t<div class=\"elementor-element elementor-element-d002f8e elementor-widget elementor-widget-image\" data-id=\"d002f8e\" data-element_type=\"widget\" data-widget_type=\"image.default\">\n\t\t\t\t<div class=\"elementor-widget-container\">\n\t\t\t\t\t\t\t\t\t\t\t\t\t\t\t<img loading=\"lazy\" decoding=\"async\" width=\"960\" height=\"634\" src=\"https:\/\/cane.com.pl\/wp-content\/uploads\/2022\/08\/wklad-pisklak-2-1024x676.jpg\" class=\"attachment-large size-large\" alt=\"\" srcset=\"https:\/\/cane.com.pl\/wp-content\/uploads\/2022\/08\/wklad-pisklak-2-1024x676.jpg 1024w, https:\/\/cane.com.pl\/wp-content\/uploads\/2022\/08\/wklad-pisklak-2-300x198.jpg 300w, https:\/\/cane.com.pl\/wp-content\/uploads\/2022\/08\/wklad-pisklak-2-768x507.jpg 768w, https:\/\/cane.com.pl\/wp-content\/uploads\/2022\/08\/wklad-pisklak-2-1140x753.jpg 1140w, https:\/\/cane.com.pl\/wp-content\/uploads\/2022\/08\/wklad-pisklak-2-500x330.jpg 500w, https:\/\/cane.com.pl\/wp-content\/uploads\/2022\/08\/wklad-pisklak-2.jpg 1437w\" sizes=\"auto, (max-width: 960px) 100vw, 960px\" \/>\t\t\t\t\t\t\t\t\t\t\t\t\t\t\t<\/div>\n\t\t\t\t<\/div>\n\t\t\t\t\t<\/div>\n\t\t<\/div>\n\t\t\t\t<div class=\"elementor-column elementor-col-50 elementor-top-column elementor-element elementor-element-300138b\" data-id=\"300138b\" data-element_type=\"column\">\n\t\t\t<div class=\"elementor-widget-wrap elementor-element-populated\">\n\t\t\t\t\t\t\t\t<div class=\"elementor-element elementor-element-54b97b2 elementor-widget elementor-widget-text-editor\" data-id=\"54b97b2\" data-element_type=\"widget\" data-widget_type=\"text-editor.default\">\n\t\t\t\t<div class=\"elementor-widget-container\">\n\t\t\t\t\t\t\t<p>Stosowanie wy\u015bci\u00f3\u0142ki do transportu piskl\u0105t chroni je przed urazami n\u00f3g oraz<br \/>u\u0142atwia utrzymanie warunk\u00f3w higienicznych w przewo\u017conych pojemnikach. Bowiem do produkcji papierowych wy\u015bci\u00f3\u0142ek stosowany jest surowiec o silnych w\u0142a\u015bciwo\u015bciach aseptycznych. Wymiary wy\u015bci\u00f3\u0142ki s\u0105 tak dobrane, by \u0142atwo j\u0105 by\u0142o umie\u015bci\u0107 w boksach standaryzowanych karton\u00f3w transportowych dla piskl\u0105t<\/p>\t\t\t\t\t\t<\/div>\n\t\t\t\t<\/div>\n\t\t\t\t\t<\/div>\n\t\t<\/div>\n\t\t\t\t\t\t\t<\/div>\n\t\t<\/section>\n\t\t\t\t<section class=\"elementor-section elementor-top-section elementor-element elementor-element-b8af266 elementor-section-boxed elementor-section-height-default elementor-section-height-default\" data-id=\"b8af266\" data-element_type=\"section\">\n\t\t\t\t\t\t<div class=\"elementor-container elementor-column-gap-default\">\n\t\t\t\t\t<div class=\"elementor-column elementor-col-50 elementor-top-column elementor-element elementor-element-11505e0\" data-id=\"11505e0\" data-element_type=\"column\">\n\t\t\t<div class=\"elementor-widget-wrap elementor-element-populated\">\n\t\t\t\t\t\t\t\t<div class=\"elementor-element elementor-element-aa044ba elementor-widget elementor-widget-text-editor\" data-id=\"aa044ba\" data-element_type=\"widget\" data-widget_type=\"text-editor.default\">\n\t\t\t\t<div class=\"elementor-widget-container\">\n\t\t\t\t\t\t\t<p>Gramatura papieru podk\u0142adowego u\u017cytego do<br \/>wykonania mi\u0119kkiej wy\u015bci\u00f3\u0142ki wynosi 40-60 g\/m 2 . Natomiast do utworzenia struktury plastra miodu 120-140 g\/m 2 . Po spe\u0142nieniu swej funkcji u\u017cytkowej wy\u015bci\u00f3\u0142ka jest \u0142atwa do zutylizowania.<\/p>\t\t\t\t\t\t<\/div>\n\t\t\t\t<\/div>\n\t\t\t\t\t<\/div>\n\t\t<\/div>\n\t\t\t\t<div class=\"elementor-column elementor-col-50 elementor-top-column elementor-element elementor-element-5c17b45\" data-id=\"5c17b45\" data-element_type=\"column\">\n\t\t\t<div class=\"elementor-widget-wrap elementor-element-populated\">\n\t\t\t\t\t\t\t\t<div class=\"elementor-element elementor-element-3906c6f elementor-widget elementor-widget-image\" data-id=\"3906c6f\" data-element_type=\"widget\" data-widget_type=\"image.default\">\n\t\t\t\t<div class=\"elementor-widget-container\">\n\t\t\t\t\t\t\t\t\t\t\t\t\t\t\t<img loading=\"lazy\" decoding=\"async\" width=\"960\" height=\"740\" src=\"https:\/\/cane.com.pl\/wp-content\/uploads\/2022\/08\/wklad-pisklak-1-1024x789.jpg\" class=\"attachment-large size-large\" alt=\"\" srcset=\"https:\/\/cane.com.pl\/wp-content\/uploads\/2022\/08\/wklad-pisklak-1-1024x789.jpg 1024w, https:\/\/cane.com.pl\/wp-content\/uploads\/2022\/08\/wklad-pisklak-1-300x231.jpg 300w, https:\/\/cane.com.pl\/wp-content\/uploads\/2022\/08\/wklad-pisklak-1-768x592.jpg 768w, https:\/\/cane.com.pl\/wp-content\/uploads\/2022\/08\/wklad-pisklak-1-1536x1183.jpg 1536w, https:\/\/cane.com.pl\/wp-content\/uploads\/2022\/08\/wklad-pisklak-1-2048x1578.jpg 2048w, https:\/\/cane.com.pl\/wp-content\/uploads\/2022\/08\/wklad-pisklak-1-1140x878.jpg 1140w\" sizes=\"auto, (max-width: 960px) 100vw, 960px\" \/>\t\t\t\t\t\t\t\t\t\t\t\t\t\t\t<\/div>\n\t\t\t\t<\/div>\n\t\t\t\t\t<\/div>\n\t\t<\/div>\n\t\t\t\t\t\t\t<\/div>\n\t\t<\/section>\n\t\t\t\t\t\t\t<\/div>\n\t\t","protected":false},"excerpt":{"rendered":"<p>Do bezpiecznego przenoszenia i przewozu piskl\u0105t oferujemy ch\u0142onn\u0105 i jednocze\u015bnie izoluj\u0105c\u0105 termicznie wy\u015bci\u00f3\u0142k\u0119 pojemnik\u00f3w wykonan\u0105 z papieru podk\u0142adowego. Mi\u0119kka wy\u015bci\u00f3\u0142ka produkowana jest w postaci arkuszy, a sztywniejsza przypominaj\u0105ca zaprasowan\u0105 struktur\u0119 plastra miodu w postaci p\u0142yt. Stosowanie wy\u015bci\u00f3\u0142ki do transportu piskl\u0105t chroni je przed urazami n\u00f3g orazu\u0142atwia utrzymanie warunk\u00f3w higienicznych w przewo\u017conych pojemnikach. Bowiem do produkcji papierowych wy\u015bci\u00f3\u0142ek stosowany jest surowiec o silnych w\u0142a\u015bciwo\u015bciach aseptycznych. Wymiary wy\u015bci\u00f3\u0142ki s\u0105 tak dobrane, by \u0142atwo j\u0105 by\u0142o umie\u015bci\u0107 w boksach standaryzowanych karton\u00f3w transportowych dla piskl\u0105t Gramatura papieru podk\u0142adowego u\u017cytego dowykonania mi\u0119kkiej wy\u015bci\u00f3\u0142ki wynosi 40-60 g\/m 2 . Natomiast do utworzenia struktury plastra miodu 120-140 g\/m 2 . Po spe\u0142nieniu swej funkcji u\u017cytkowej wy\u015bci\u00f3\u0142ka jest \u0142atwa do zutylizowania.<\/p>\n","protected":false},"author":1,"featured_media":0,"parent":0,"menu_order":0,"comment_status":"closed","ping_status":"closed","template":"","meta":{"om_disable_all_campaigns":false,"_monsterinsights_skip_tracking":false,"_monsterinsights_sitenote_active":false,"_monsterinsights_sitenote_note":"","_monsterinsights_sitenote_category":0,"footnotes":""},"class_list":["post-173","page","type-page","status-publish","hentry"],"aioseo_notices":[],"yoast_head":"<!-- This site is optimized with the Yoast SEO plugin v19.10 - https:\/\/yoast.com\/wordpress\/plugins\/seo\/ -->\n<title>Wy\u015bcielenia transportowe - cane<\/title>\n<meta name=\"robots\" content=\"index, follow, max-snippet:-1, max-image-preview:large, max-video-preview:-1\" \/>\n<link rel=\"canonical\" href=\"https:\/\/cane.com.pl\/index.php\/wyscielenia-transportowe\/\" \/>\n<meta property=\"og:locale\" content=\"pl_PL\" \/>\n<meta property=\"og:type\" content=\"article\" \/>\n<meta property=\"og:title\" content=\"Wy\u015bcielenia transportowe - cane\" \/>\n<meta property=\"og:description\" content=\"Do bezpiecznego przenoszenia i przewozu piskl\u0105t oferujemy ch\u0142onn\u0105 i jednocze\u015bnie izoluj\u0105c\u0105 termicznie wy\u015bci\u00f3\u0142k\u0119 pojemnik\u00f3w wykonan\u0105 z papieru podk\u0142adowego. Mi\u0119kka wy\u015bci\u00f3\u0142ka produkowana jest w postaci arkuszy, a sztywniejsza przypominaj\u0105ca zaprasowan\u0105 struktur\u0119 plastra miodu w postaci p\u0142yt. Stosowanie wy\u015bci\u00f3\u0142ki do transportu piskl\u0105t chroni je przed urazami n\u00f3g orazu\u0142atwia utrzymanie warunk\u00f3w higienicznych w przewo\u017conych pojemnikach. Bowiem do produkcji papierowych wy\u015bci\u00f3\u0142ek stosowany jest surowiec o silnych w\u0142a\u015bciwo\u015bciach aseptycznych. Wymiary wy\u015bci\u00f3\u0142ki s\u0105 tak dobrane, by \u0142atwo j\u0105 by\u0142o umie\u015bci\u0107 w boksach standaryzowanych karton\u00f3w transportowych dla piskl\u0105t Gramatura papieru podk\u0142adowego u\u017cytego dowykonania mi\u0119kkiej wy\u015bci\u00f3\u0142ki wynosi 40-60 g\/m 2 . Natomiast do utworzenia struktury plastra miodu 120-140 g\/m 2 . Po spe\u0142nieniu swej funkcji u\u017cytkowej wy\u015bci\u00f3\u0142ka jest \u0142atwa do zutylizowania.\" \/>\n<meta property=\"og:url\" content=\"https:\/\/cane.com.pl\/index.php\/wyscielenia-transportowe\/\" \/>\n<meta property=\"og:site_name\" content=\"cane\" \/>\n<meta property=\"article:modified_time\" content=\"2022-08-30T12:28:36+00:00\" \/>\n<meta property=\"og:image\" content=\"https:\/\/cane.com.pl\/wp-content\/uploads\/2022\/08\/wklad-pisklak-3-768x1024.jpg\" \/>\n<meta name=\"twitter:card\" content=\"summary_large_image\" \/>\n<meta name=\"twitter:label1\" content=\"Szacowany czas czytania\" \/>\n\t<meta name=\"twitter:data1\" content=\"2 minuty\" \/>\n<script type=\"application\/ld+json\" class=\"yoast-schema-graph\">{\"@context\":\"https:\/\/schema.org\",\"@graph\":[{\"@type\":\"WebPage\",\"@id\":\"https:\/\/cane.com.pl\/index.php\/wyscielenia-transportowe\/\",\"url\":\"https:\/\/cane.com.pl\/index.php\/wyscielenia-transportowe\/\",\"name\":\"Wy\u015bcielenia transportowe - cane\",\"isPartOf\":{\"@id\":\"https:\/\/cane.com.pl\/#website\"},\"datePublished\":\"2022-08-29T10:55:04+00:00\",\"dateModified\":\"2022-08-30T12:28:36+00:00\",\"breadcrumb\":{\"@id\":\"https:\/\/cane.com.pl\/index.php\/wyscielenia-transportowe\/#breadcrumb\"},\"inLanguage\":\"pl-PL\",\"potentialAction\":[{\"@type\":\"ReadAction\",\"target\":[\"https:\/\/cane.com.pl\/index.php\/wyscielenia-transportowe\/\"]}]},{\"@type\":\"BreadcrumbList\",\"@id\":\"https:\/\/cane.com.pl\/index.php\/wyscielenia-transportowe\/#breadcrumb\",\"itemListElement\":[{\"@type\":\"ListItem\",\"position\":1,\"name\":\"Home\",\"item\":\"https:\/\/cane.com.pl\/\"},{\"@type\":\"ListItem\",\"position\":2,\"name\":\"Wy\u015bcielenia transportowe\"}]},{\"@type\":\"WebSite\",\"@id\":\"https:\/\/cane.com.pl\/#website\",\"url\":\"https:\/\/cane.com.pl\/\",\"name\":\"cane\",\"description\":\"\",\"publisher\":{\"@id\":\"https:\/\/cane.com.pl\/#organization\"},\"potentialAction\":[{\"@type\":\"SearchAction\",\"target\":{\"@type\":\"EntryPoint\",\"urlTemplate\":\"https:\/\/cane.com.pl\/?s={search_term_string}\"},\"query-input\":\"required name=search_term_string\"}],\"inLanguage\":\"pl-PL\"},{\"@type\":\"Organization\",\"@id\":\"https:\/\/cane.com.pl\/#organization\",\"name\":\"cane\",\"url\":\"https:\/\/cane.com.pl\/\",\"logo\":{\"@type\":\"ImageObject\",\"inLanguage\":\"pl-PL\",\"@id\":\"https:\/\/cane.com.pl\/#\/schema\/logo\/image\/\",\"url\":\"https:\/\/cane.com.pl\/wp-content\/uploads\/2022\/08\/cropped-logo-firmy-2.png\",\"contentUrl\":\"https:\/\/cane.com.pl\/wp-content\/uploads\/2022\/08\/cropped-logo-firmy-2.png\",\"width\":735,\"height\":829,\"caption\":\"cane\"},\"image\":{\"@id\":\"https:\/\/cane.com.pl\/#\/schema\/logo\/image\/\"}}]}<\/script>\n<!-- \/ Yoast SEO plugin. -->","yoast_head_json":{"title":"Wy\u015bcielenia transportowe - cane","robots":{"index":"index","follow":"follow","max-snippet":"max-snippet:-1","max-image-preview":"max-image-preview:large","max-video-preview":"max-video-preview:-1"},"canonical":"https:\/\/cane.com.pl\/index.php\/wyscielenia-transportowe\/","og_locale":"pl_PL","og_type":"article","og_title":"Wy\u015bcielenia transportowe - cane","og_description":"Do bezpiecznego przenoszenia i przewozu piskl\u0105t oferujemy ch\u0142onn\u0105 i jednocze\u015bnie izoluj\u0105c\u0105 termicznie wy\u015bci\u00f3\u0142k\u0119 pojemnik\u00f3w wykonan\u0105 z papieru podk\u0142adowego. Mi\u0119kka wy\u015bci\u00f3\u0142ka produkowana jest w postaci arkuszy, a sztywniejsza przypominaj\u0105ca zaprasowan\u0105 struktur\u0119 plastra miodu w postaci p\u0142yt. Stosowanie wy\u015bci\u00f3\u0142ki do transportu piskl\u0105t chroni je przed urazami n\u00f3g orazu\u0142atwia utrzymanie warunk\u00f3w higienicznych w przewo\u017conych pojemnikach. Bowiem do produkcji papierowych wy\u015bci\u00f3\u0142ek stosowany jest surowiec o silnych w\u0142a\u015bciwo\u015bciach aseptycznych. Wymiary wy\u015bci\u00f3\u0142ki s\u0105 tak dobrane, by \u0142atwo j\u0105 by\u0142o umie\u015bci\u0107 w boksach standaryzowanych karton\u00f3w transportowych dla piskl\u0105t Gramatura papieru podk\u0142adowego u\u017cytego dowykonania mi\u0119kkiej wy\u015bci\u00f3\u0142ki wynosi 40-60 g\/m 2 . Natomiast do utworzenia struktury plastra miodu 120-140 g\/m 2 . Po spe\u0142nieniu swej funkcji u\u017cytkowej wy\u015bci\u00f3\u0142ka jest \u0142atwa do zutylizowania.","og_url":"https:\/\/cane.com.pl\/index.php\/wyscielenia-transportowe\/","og_site_name":"cane","article_modified_time":"2022-08-30T12:28:36+00:00","og_image":[{"url":"https:\/\/cane.com.pl\/wp-content\/uploads\/2022\/08\/wklad-pisklak-3-768x1024.jpg"}],"twitter_card":"summary_large_image","twitter_misc":{"Szacowany czas czytania":"2 minuty"},"schema":{"@context":"https:\/\/schema.org","@graph":[{"@type":"WebPage","@id":"https:\/\/cane.com.pl\/index.php\/wyscielenia-transportowe\/","url":"https:\/\/cane.com.pl\/index.php\/wyscielenia-transportowe\/","name":"Wy\u015bcielenia transportowe - cane","isPartOf":{"@id":"https:\/\/cane.com.pl\/#website"},"datePublished":"2022-08-29T10:55:04+00:00","dateModified":"2022-08-30T12:28:36+00:00","breadcrumb":{"@id":"https:\/\/cane.com.pl\/index.php\/wyscielenia-transportowe\/#breadcrumb"},"inLanguage":"pl-PL","potentialAction":[{"@type":"ReadAction","target":["https:\/\/cane.com.pl\/index.php\/wyscielenia-transportowe\/"]}]},{"@type":"BreadcrumbList","@id":"https:\/\/cane.com.pl\/index.php\/wyscielenia-transportowe\/#breadcrumb","itemListElement":[{"@type":"ListItem","position":1,"name":"Home","item":"https:\/\/cane.com.pl\/"},{"@type":"ListItem","position":2,"name":"Wy\u015bcielenia transportowe"}]},{"@type":"WebSite","@id":"https:\/\/cane.com.pl\/#website","url":"https:\/\/cane.com.pl\/","name":"cane","description":"","publisher":{"@id":"https:\/\/cane.com.pl\/#organization"},"potentialAction":[{"@type":"SearchAction","target":{"@type":"EntryPoint","urlTemplate":"https:\/\/cane.com.pl\/?s={search_term_string}"},"query-input":"required name=search_term_string"}],"inLanguage":"pl-PL"},{"@type":"Organization","@id":"https:\/\/cane.com.pl\/#organization","name":"cane","url":"https:\/\/cane.com.pl\/","logo":{"@type":"ImageObject","inLanguage":"pl-PL","@id":"https:\/\/cane.com.pl\/#\/schema\/logo\/image\/","url":"https:\/\/cane.com.pl\/wp-content\/uploads\/2022\/08\/cropped-logo-firmy-2.png","contentUrl":"https:\/\/cane.com.pl\/wp-content\/uploads\/2022\/08\/cropped-logo-firmy-2.png","width":735,"height":829,"caption":"cane"},"image":{"@id":"https:\/\/cane.com.pl\/#\/schema\/logo\/image\/"}}]}},"_links":{"self":[{"href":"https:\/\/cane.com.pl\/index.php\/wp-json\/wp\/v2\/pages\/173","targetHints":{"allow":["GET"]}}],"collection":[{"href":"https:\/\/cane.com.pl\/index.php\/wp-json\/wp\/v2\/pages"}],"about":[{"href":"https:\/\/cane.com.pl\/index.php\/wp-json\/wp\/v2\/types\/page"}],"author":[{"embeddable":true,"href":"https:\/\/cane.com.pl\/index.php\/wp-json\/wp\/v2\/users\/1"}],"replies":[{"embeddable":true,"href":"https:\/\/cane.com.pl\/index.php\/wp-json\/wp\/v2\/comments?post=173"}],"version-history":[{"count":4,"href":"https:\/\/cane.com.pl\/index.php\/wp-json\/wp\/v2\/pages\/173\/revisions"}],"predecessor-version":[{"id":303,"href":"https:\/\/cane.com.pl\/index.php\/wp-json\/wp\/v2\/pages\/173\/revisions\/303"}],"wp:attachment":[{"href":"https:\/\/cane.com.pl\/index.php\/wp-json\/wp\/v2\/media?parent=173"}],"curies":[{"name":"wp","href":"https:\/\/api.w.org\/{rel}","templated":true}]}}