{"id":169,"date":"2022-08-29T10:54:20","date_gmt":"2022-08-29T10:54:20","guid":{"rendered":"https:\/\/cane.com.pl\/?page_id=169"},"modified":"2022-08-30T12:18:00","modified_gmt":"2022-08-30T12:18:00","slug":"sznurek-papierowy","status":"publish","type":"page","link":"https:\/\/cane.com.pl\/index.php\/sznurek-papierowy\/","title":{"rendered":"Sznurek papierowy"},"content":{"rendered":"\t\t<div data-elementor-type=\"wp-page\" data-elementor-id=\"169\" class=\"elementor elementor-169\">\n\t\t\t\t\t\t\t\t\t<section class=\"elementor-section elementor-top-section elementor-element elementor-element-174f42a elementor-section-boxed elementor-section-height-default elementor-section-height-default\" data-id=\"174f42a\" data-element_type=\"section\">\n\t\t\t\t\t\t<div class=\"elementor-container elementor-column-gap-default\">\n\t\t\t\t\t<div class=\"elementor-column elementor-col-100 elementor-top-column elementor-element elementor-element-c2ff9b3\" data-id=\"c2ff9b3\" data-element_type=\"column\">\n\t\t\t<div class=\"elementor-widget-wrap\">\n\t\t\t\t\t\t\t\t\t<\/div>\n\t\t<\/div>\n\t\t\t\t\t\t\t<\/div>\n\t\t<\/section>\n\t\t\t\t<section class=\"elementor-section elementor-top-section elementor-element elementor-element-65a11b7 elementor-section-boxed elementor-section-height-default elementor-section-height-default\" data-id=\"65a11b7\" data-element_type=\"section\">\n\t\t\t\t\t\t<div class=\"elementor-container elementor-column-gap-default\">\n\t\t\t\t\t<div class=\"elementor-column elementor-col-50 elementor-top-column elementor-element elementor-element-bcd8289\" data-id=\"bcd8289\" data-element_type=\"column\">\n\t\t\t<div class=\"elementor-widget-wrap elementor-element-populated\">\n\t\t\t\t\t\t\t\t<div class=\"elementor-element elementor-element-1526b68 elementor-widget elementor-widget-image\" data-id=\"1526b68\" data-element_type=\"widget\" data-widget_type=\"image.default\">\n\t\t\t\t<div class=\"elementor-widget-container\">\n\t\t\t<style>\/*! elementor - v3.8.0 - 30-10-2022 *\/\n.elementor-widget-image{text-align:center}.elementor-widget-image a{display:inline-block}.elementor-widget-image a img[src$=\".svg\"]{width:48px}.elementor-widget-image img{vertical-align:middle;display:inline-block}<\/style>\t\t\t\t\t\t\t\t\t\t\t\t<img loading=\"lazy\" decoding=\"async\" width=\"960\" height=\"540\" src=\"https:\/\/cane.com.pl\/wp-content\/uploads\/2022\/08\/DSC1288-1024x576.jpg\" class=\"attachment-large size-large\" alt=\"\" srcset=\"https:\/\/cane.com.pl\/wp-content\/uploads\/2022\/08\/DSC1288-1024x576.jpg 1024w, https:\/\/cane.com.pl\/wp-content\/uploads\/2022\/08\/DSC1288-300x169.jpg 300w, https:\/\/cane.com.pl\/wp-content\/uploads\/2022\/08\/DSC1288-768x432.jpg 768w, https:\/\/cane.com.pl\/wp-content\/uploads\/2022\/08\/DSC1288-1536x864.jpg 1536w, https:\/\/cane.com.pl\/wp-content\/uploads\/2022\/08\/DSC1288-2048x1152.jpg 2048w, https:\/\/cane.com.pl\/wp-content\/uploads\/2022\/08\/DSC1288-1140x641.jpg 1140w\" sizes=\"auto, (max-width: 960px) 100vw, 960px\" \/>\t\t\t\t\t\t\t\t\t\t\t\t\t\t\t<\/div>\n\t\t\t\t<\/div>\n\t\t\t\t\t<\/div>\n\t\t<\/div>\n\t\t\t\t<div class=\"elementor-column elementor-col-50 elementor-top-column elementor-element elementor-element-108a167\" data-id=\"108a167\" data-element_type=\"column\">\n\t\t\t<div class=\"elementor-widget-wrap elementor-element-populated\">\n\t\t\t\t\t\t\t\t<div class=\"elementor-element elementor-element-bdce629 elementor-widget elementor-widget-text-editor\" data-id=\"bdce629\" data-element_type=\"widget\" data-widget_type=\"text-editor.default\">\n\t\t\t\t<div class=\"elementor-widget-container\">\n\t\t\t<style>\/*! elementor - v3.8.0 - 30-10-2022 *\/\n.elementor-widget-text-editor.elementor-drop-cap-view-stacked .elementor-drop-cap{background-color:#818a91;color:#fff}.elementor-widget-text-editor.elementor-drop-cap-view-framed .elementor-drop-cap{color:#818a91;border:3px solid;background-color:transparent}.elementor-widget-text-editor:not(.elementor-drop-cap-view-default) .elementor-drop-cap{margin-top:8px}.elementor-widget-text-editor:not(.elementor-drop-cap-view-default) .elementor-drop-cap-letter{width:1em;height:1em}.elementor-widget-text-editor .elementor-drop-cap{float:left;text-align:center;line-height:1;font-size:50px}.elementor-widget-text-editor .elementor-drop-cap-letter{display:inline-block}<\/style>\t\t\t\t<p>Gdy staniesz si\u0119 posiadaczem sznurka papierowego to szybko nabierzesz przekonania, \u017ce w<br \/>Twoim gospodarstwie domowym jest on nieodzowny, a i w przypadku przemys\u0142owych<br \/>zastosowa\u0144 nie znajdzie on sobie zamiennika. Jakie w\u0142a\u015bciwo\u015bci go zatem wyr\u00f3\u017cniaj\u0105? Sznurek wykonany z papieru wbrew odczuciu zaskoczy Ci\u0119 swoj\u0105 odporno\u015bci\u0105 na zerwanie.<br \/>\u0141atwo daje si\u0119 wi\u0105za\u0107, a w formie kokardy mo\u017ce zdobi\u0107 upominki lub bukiety kwiatowe. Jest wykonany z naturalnego materia\u0142u. Nie szkodzi \u015brodowisku, a po spe\u0142nieniu swej funkcji jest \u0142atwy w utylizacji jako zwyk\u0142a makulatura. Ma tak\u017ce w\u0142a\u015bciwo\u015bci aseptyczne pozwalaj\u0105ce na kontakt z \u017cywno\u015bci\u0105.<\/p>\t\t\t\t\t\t<\/div>\n\t\t\t\t<\/div>\n\t\t\t\t\t<\/div>\n\t\t<\/div>\n\t\t\t\t\t\t\t<\/div>\n\t\t<\/section>\n\t\t\t\t<section class=\"elementor-section elementor-top-section elementor-element elementor-element-5a67c0e elementor-section-boxed elementor-section-height-default elementor-section-height-default\" data-id=\"5a67c0e\" data-element_type=\"section\">\n\t\t\t\t\t\t<div class=\"elementor-container elementor-column-gap-default\">\n\t\t\t\t\t<div class=\"elementor-column elementor-col-50 elementor-top-column elementor-element elementor-element-ed57185\" data-id=\"ed57185\" data-element_type=\"column\">\n\t\t\t<div class=\"elementor-widget-wrap elementor-element-populated\">\n\t\t\t\t\t\t\t\t<div class=\"elementor-element elementor-element-602a2ad elementor-widget elementor-widget-text-editor\" data-id=\"602a2ad\" data-element_type=\"widget\" data-widget_type=\"text-editor.default\">\n\t\t\t\t<div class=\"elementor-widget-container\">\n\t\t\t\t\t\t\t<p>Gdy zdecydujesz si\u0119 go u\u017cywa\u0107 to w wielu zastosowaniach skutecznie zast\u0105pi on sznurki tekstylne oraz wykonane z tworzyw sztucznych. Proponujemy sznurki papierowe naszej produkcji o \u015brednicach od 2 do 6 mm nawini\u0119te na k\u0142\u0119bki o wadze ~ 2 kg.<br \/>Surowcem do ich wytwarzania jest papier w kolorze naturalnym (szaro-be\u017cowym) o<br \/>gramaturze 40-60 g\/m 2 . Produkujemy r\u00f3wnie\u017c sznurek o bia\u0142ym kolorze z podobnym<br \/>parametrem wagowym. Sznurek pakujemy w tekturowy dyspenser z aplikacyjnym otworem w wieku, kt\u00f3ry u\u0142atwia pobieranie go w potrzebnej ilo\u015bci.<\/p>\t\t\t\t\t\t<\/div>\n\t\t\t\t<\/div>\n\t\t\t\t\t<\/div>\n\t\t<\/div>\n\t\t\t\t<div class=\"elementor-column elementor-col-50 elementor-top-column elementor-element elementor-element-c4e605e\" data-id=\"c4e605e\" data-element_type=\"column\">\n\t\t\t<div class=\"elementor-widget-wrap elementor-element-populated\">\n\t\t\t\t\t\t\t\t<div class=\"elementor-element elementor-element-75cc3f8 elementor-widget elementor-widget-image\" data-id=\"75cc3f8\" data-element_type=\"widget\" data-widget_type=\"image.default\">\n\t\t\t\t<div class=\"elementor-widget-container\">\n\t\t\t\t\t\t\t\t\t\t\t\t\t\t\t<img loading=\"lazy\" decoding=\"async\" width=\"960\" height=\"540\" src=\"https:\/\/cane.com.pl\/wp-content\/uploads\/2022\/08\/DSC1370-1024x576.jpg\" class=\"attachment-large size-large\" alt=\"\" srcset=\"https:\/\/cane.com.pl\/wp-content\/uploads\/2022\/08\/DSC1370-1024x576.jpg 1024w, https:\/\/cane.com.pl\/wp-content\/uploads\/2022\/08\/DSC1370-300x169.jpg 300w, https:\/\/cane.com.pl\/wp-content\/uploads\/2022\/08\/DSC1370-768x432.jpg 768w, https:\/\/cane.com.pl\/wp-content\/uploads\/2022\/08\/DSC1370-1536x864.jpg 1536w, https:\/\/cane.com.pl\/wp-content\/uploads\/2022\/08\/DSC1370-2048x1152.jpg 2048w, https:\/\/cane.com.pl\/wp-content\/uploads\/2022\/08\/DSC1370-1140x641.jpg 1140w\" sizes=\"auto, (max-width: 960px) 100vw, 960px\" \/>\t\t\t\t\t\t\t\t\t\t\t\t\t\t\t<\/div>\n\t\t\t\t<\/div>\n\t\t\t\t\t<\/div>\n\t\t<\/div>\n\t\t\t\t\t\t\t<\/div>\n\t\t<\/section>\n\t\t\t\t\t\t\t<\/div>\n\t\t","protected":false},"excerpt":{"rendered":"<p>Gdy staniesz si\u0119 posiadaczem sznurka papierowego to szybko nabierzesz przekonania, \u017ce wTwoim gospodarstwie domowym jest on nieodzowny, a i w przypadku przemys\u0142owychzastosowa\u0144 nie znajdzie on sobie zamiennika. Jakie w\u0142a\u015bciwo\u015bci go zatem wyr\u00f3\u017cniaj\u0105? Sznurek wykonany z papieru wbrew odczuciu zaskoczy Ci\u0119 swoj\u0105 odporno\u015bci\u0105 na zerwanie.\u0141atwo daje si\u0119 wi\u0105za\u0107, a w formie kokardy mo\u017ce zdobi\u0107 upominki lub bukiety kwiatowe. Jest wykonany z naturalnego materia\u0142u. Nie szkodzi \u015brodowisku, a po spe\u0142nieniu swej funkcji jest \u0142atwy w utylizacji jako zwyk\u0142a makulatura. Ma tak\u017ce w\u0142a\u015bciwo\u015bci aseptyczne pozwalaj\u0105ce na kontakt z \u017cywno\u015bci\u0105. Gdy zdecydujesz si\u0119 go u\u017cywa\u0107 to w wielu zastosowaniach skutecznie zast\u0105pi on sznurki tekstylne oraz wykonane z tworzyw sztucznych. Proponujemy sznurki papierowe naszej produkcji o \u015brednicach od 2 do 6 mm nawini\u0119te na k\u0142\u0119bki o wadze ~ 2 kg.Surowcem do ich wytwarzania jest papier w kolorze naturalnym (szaro-be\u017cowym) ogramaturze 40-60 g\/m 2 . Produkujemy r\u00f3wnie\u017c sznurek o bia\u0142ym kolorze z podobnymparametrem wagowym. Sznurek pakujemy w tekturowy dyspenser z aplikacyjnym otworem w wieku, kt\u00f3ry u\u0142atwia pobieranie go w potrzebnej ilo\u015bci.<\/p>\n","protected":false},"author":1,"featured_media":0,"parent":0,"menu_order":0,"comment_status":"closed","ping_status":"closed","template":"","meta":{"om_disable_all_campaigns":false,"_monsterinsights_skip_tracking":false,"_monsterinsights_sitenote_active":false,"_monsterinsights_sitenote_note":"","_monsterinsights_sitenote_category":0,"footnotes":""},"class_list":["post-169","page","type-page","status-publish","hentry"],"aioseo_notices":[],"yoast_head":"<!-- This site is optimized with the Yoast SEO plugin v19.10 - https:\/\/yoast.com\/wordpress\/plugins\/seo\/ -->\n<title>Sznurek papierowy - cane<\/title>\n<meta name=\"robots\" content=\"index, follow, max-snippet:-1, max-image-preview:large, max-video-preview:-1\" \/>\n<link rel=\"canonical\" href=\"https:\/\/cane.com.pl\/index.php\/sznurek-papierowy\/\" \/>\n<meta property=\"og:locale\" content=\"pl_PL\" \/>\n<meta property=\"og:type\" content=\"article\" \/>\n<meta property=\"og:title\" content=\"Sznurek papierowy - cane\" \/>\n<meta property=\"og:description\" content=\"Gdy staniesz si\u0119 posiadaczem sznurka papierowego to szybko nabierzesz przekonania, \u017ce wTwoim gospodarstwie domowym jest on nieodzowny, a i w przypadku przemys\u0142owychzastosowa\u0144 nie znajdzie on sobie zamiennika. Jakie w\u0142a\u015bciwo\u015bci go zatem wyr\u00f3\u017cniaj\u0105? Sznurek wykonany z papieru wbrew odczuciu zaskoczy Ci\u0119 swoj\u0105 odporno\u015bci\u0105 na zerwanie.\u0141atwo daje si\u0119 wi\u0105za\u0107, a w formie kokardy mo\u017ce zdobi\u0107 upominki lub bukiety kwiatowe. Jest wykonany z naturalnego materia\u0142u. Nie szkodzi \u015brodowisku, a po spe\u0142nieniu swej funkcji jest \u0142atwy w utylizacji jako zwyk\u0142a makulatura. Ma tak\u017ce w\u0142a\u015bciwo\u015bci aseptyczne pozwalaj\u0105ce na kontakt z \u017cywno\u015bci\u0105. Gdy zdecydujesz si\u0119 go u\u017cywa\u0107 to w wielu zastosowaniach skutecznie zast\u0105pi on sznurki tekstylne oraz wykonane z tworzyw sztucznych. Proponujemy sznurki papierowe naszej produkcji o \u015brednicach od 2 do 6 mm nawini\u0119te na k\u0142\u0119bki o wadze ~ 2 kg.Surowcem do ich wytwarzania jest papier w kolorze naturalnym (szaro-be\u017cowym) ogramaturze 40-60 g\/m 2 . Produkujemy r\u00f3wnie\u017c sznurek o bia\u0142ym kolorze z podobnymparametrem wagowym. Sznurek pakujemy w tekturowy dyspenser z aplikacyjnym otworem w wieku, kt\u00f3ry u\u0142atwia pobieranie go w potrzebnej ilo\u015bci.\" \/>\n<meta property=\"og:url\" content=\"https:\/\/cane.com.pl\/index.php\/sznurek-papierowy\/\" \/>\n<meta property=\"og:site_name\" content=\"cane\" \/>\n<meta property=\"article:modified_time\" content=\"2022-08-30T12:18:00+00:00\" \/>\n<meta property=\"og:image\" content=\"https:\/\/cane.com.pl\/wp-content\/uploads\/2022\/08\/DSC1288-1024x576.jpg\" \/>\n<meta name=\"twitter:card\" content=\"summary_large_image\" \/>\n<meta name=\"twitter:label1\" content=\"Szacowany czas czytania\" \/>\n\t<meta name=\"twitter:data1\" content=\"2 minuty\" \/>\n<script type=\"application\/ld+json\" class=\"yoast-schema-graph\">{\"@context\":\"https:\/\/schema.org\",\"@graph\":[{\"@type\":\"WebPage\",\"@id\":\"https:\/\/cane.com.pl\/index.php\/sznurek-papierowy\/\",\"url\":\"https:\/\/cane.com.pl\/index.php\/sznurek-papierowy\/\",\"name\":\"Sznurek papierowy - cane\",\"isPartOf\":{\"@id\":\"https:\/\/cane.com.pl\/#website\"},\"datePublished\":\"2022-08-29T10:54:20+00:00\",\"dateModified\":\"2022-08-30T12:18:00+00:00\",\"breadcrumb\":{\"@id\":\"https:\/\/cane.com.pl\/index.php\/sznurek-papierowy\/#breadcrumb\"},\"inLanguage\":\"pl-PL\",\"potentialAction\":[{\"@type\":\"ReadAction\",\"target\":[\"https:\/\/cane.com.pl\/index.php\/sznurek-papierowy\/\"]}]},{\"@type\":\"BreadcrumbList\",\"@id\":\"https:\/\/cane.com.pl\/index.php\/sznurek-papierowy\/#breadcrumb\",\"itemListElement\":[{\"@type\":\"ListItem\",\"position\":1,\"name\":\"Home\",\"item\":\"https:\/\/cane.com.pl\/\"},{\"@type\":\"ListItem\",\"position\":2,\"name\":\"Sznurek papierowy\"}]},{\"@type\":\"WebSite\",\"@id\":\"https:\/\/cane.com.pl\/#website\",\"url\":\"https:\/\/cane.com.pl\/\",\"name\":\"cane\",\"description\":\"\",\"publisher\":{\"@id\":\"https:\/\/cane.com.pl\/#organization\"},\"potentialAction\":[{\"@type\":\"SearchAction\",\"target\":{\"@type\":\"EntryPoint\",\"urlTemplate\":\"https:\/\/cane.com.pl\/?s={search_term_string}\"},\"query-input\":\"required name=search_term_string\"}],\"inLanguage\":\"pl-PL\"},{\"@type\":\"Organization\",\"@id\":\"https:\/\/cane.com.pl\/#organization\",\"name\":\"cane\",\"url\":\"https:\/\/cane.com.pl\/\",\"logo\":{\"@type\":\"ImageObject\",\"inLanguage\":\"pl-PL\",\"@id\":\"https:\/\/cane.com.pl\/#\/schema\/logo\/image\/\",\"url\":\"https:\/\/cane.com.pl\/wp-content\/uploads\/2022\/08\/cropped-logo-firmy-2.png\",\"contentUrl\":\"https:\/\/cane.com.pl\/wp-content\/uploads\/2022\/08\/cropped-logo-firmy-2.png\",\"width\":735,\"height\":829,\"caption\":\"cane\"},\"image\":{\"@id\":\"https:\/\/cane.com.pl\/#\/schema\/logo\/image\/\"}}]}<\/script>\n<!-- \/ Yoast SEO plugin. -->","yoast_head_json":{"title":"Sznurek papierowy - cane","robots":{"index":"index","follow":"follow","max-snippet":"max-snippet:-1","max-image-preview":"max-image-preview:large","max-video-preview":"max-video-preview:-1"},"canonical":"https:\/\/cane.com.pl\/index.php\/sznurek-papierowy\/","og_locale":"pl_PL","og_type":"article","og_title":"Sznurek papierowy - cane","og_description":"Gdy staniesz si\u0119 posiadaczem sznurka papierowego to szybko nabierzesz przekonania, \u017ce wTwoim gospodarstwie domowym jest on nieodzowny, a i w przypadku przemys\u0142owychzastosowa\u0144 nie znajdzie on sobie zamiennika. Jakie w\u0142a\u015bciwo\u015bci go zatem wyr\u00f3\u017cniaj\u0105? Sznurek wykonany z papieru wbrew odczuciu zaskoczy Ci\u0119 swoj\u0105 odporno\u015bci\u0105 na zerwanie.\u0141atwo daje si\u0119 wi\u0105za\u0107, a w formie kokardy mo\u017ce zdobi\u0107 upominki lub bukiety kwiatowe. Jest wykonany z naturalnego materia\u0142u. Nie szkodzi \u015brodowisku, a po spe\u0142nieniu swej funkcji jest \u0142atwy w utylizacji jako zwyk\u0142a makulatura. Ma tak\u017ce w\u0142a\u015bciwo\u015bci aseptyczne pozwalaj\u0105ce na kontakt z \u017cywno\u015bci\u0105. Gdy zdecydujesz si\u0119 go u\u017cywa\u0107 to w wielu zastosowaniach skutecznie zast\u0105pi on sznurki tekstylne oraz wykonane z tworzyw sztucznych. Proponujemy sznurki papierowe naszej produkcji o \u015brednicach od 2 do 6 mm nawini\u0119te na k\u0142\u0119bki o wadze ~ 2 kg.Surowcem do ich wytwarzania jest papier w kolorze naturalnym (szaro-be\u017cowym) ogramaturze 40-60 g\/m 2 . Produkujemy r\u00f3wnie\u017c sznurek o bia\u0142ym kolorze z podobnymparametrem wagowym. Sznurek pakujemy w tekturowy dyspenser z aplikacyjnym otworem w wieku, kt\u00f3ry u\u0142atwia pobieranie go w potrzebnej ilo\u015bci.","og_url":"https:\/\/cane.com.pl\/index.php\/sznurek-papierowy\/","og_site_name":"cane","article_modified_time":"2022-08-30T12:18:00+00:00","og_image":[{"url":"https:\/\/cane.com.pl\/wp-content\/uploads\/2022\/08\/DSC1288-1024x576.jpg"}],"twitter_card":"summary_large_image","twitter_misc":{"Szacowany czas czytania":"2 minuty"},"schema":{"@context":"https:\/\/schema.org","@graph":[{"@type":"WebPage","@id":"https:\/\/cane.com.pl\/index.php\/sznurek-papierowy\/","url":"https:\/\/cane.com.pl\/index.php\/sznurek-papierowy\/","name":"Sznurek papierowy - cane","isPartOf":{"@id":"https:\/\/cane.com.pl\/#website"},"datePublished":"2022-08-29T10:54:20+00:00","dateModified":"2022-08-30T12:18:00+00:00","breadcrumb":{"@id":"https:\/\/cane.com.pl\/index.php\/sznurek-papierowy\/#breadcrumb"},"inLanguage":"pl-PL","potentialAction":[{"@type":"ReadAction","target":["https:\/\/cane.com.pl\/index.php\/sznurek-papierowy\/"]}]},{"@type":"BreadcrumbList","@id":"https:\/\/cane.com.pl\/index.php\/sznurek-papierowy\/#breadcrumb","itemListElement":[{"@type":"ListItem","position":1,"name":"Home","item":"https:\/\/cane.com.pl\/"},{"@type":"ListItem","position":2,"name":"Sznurek papierowy"}]},{"@type":"WebSite","@id":"https:\/\/cane.com.pl\/#website","url":"https:\/\/cane.com.pl\/","name":"cane","description":"","publisher":{"@id":"https:\/\/cane.com.pl\/#organization"},"potentialAction":[{"@type":"SearchAction","target":{"@type":"EntryPoint","urlTemplate":"https:\/\/cane.com.pl\/?s={search_term_string}"},"query-input":"required name=search_term_string"}],"inLanguage":"pl-PL"},{"@type":"Organization","@id":"https:\/\/cane.com.pl\/#organization","name":"cane","url":"https:\/\/cane.com.pl\/","logo":{"@type":"ImageObject","inLanguage":"pl-PL","@id":"https:\/\/cane.com.pl\/#\/schema\/logo\/image\/","url":"https:\/\/cane.com.pl\/wp-content\/uploads\/2022\/08\/cropped-logo-firmy-2.png","contentUrl":"https:\/\/cane.com.pl\/wp-content\/uploads\/2022\/08\/cropped-logo-firmy-2.png","width":735,"height":829,"caption":"cane"},"image":{"@id":"https:\/\/cane.com.pl\/#\/schema\/logo\/image\/"}}]}},"_links":{"self":[{"href":"https:\/\/cane.com.pl\/index.php\/wp-json\/wp\/v2\/pages\/169","targetHints":{"allow":["GET"]}}],"collection":[{"href":"https:\/\/cane.com.pl\/index.php\/wp-json\/wp\/v2\/pages"}],"about":[{"href":"https:\/\/cane.com.pl\/index.php\/wp-json\/wp\/v2\/types\/page"}],"author":[{"embeddable":true,"href":"https:\/\/cane.com.pl\/index.php\/wp-json\/wp\/v2\/users\/1"}],"replies":[{"embeddable":true,"href":"https:\/\/cane.com.pl\/index.php\/wp-json\/wp\/v2\/comments?post=169"}],"version-history":[{"count":5,"href":"https:\/\/cane.com.pl\/index.php\/wp-json\/wp\/v2\/pages\/169\/revisions"}],"predecessor-version":[{"id":304,"href":"https:\/\/cane.com.pl\/index.php\/wp-json\/wp\/v2\/pages\/169\/revisions\/304"}],"wp:attachment":[{"href":"https:\/\/cane.com.pl\/index.php\/wp-json\/wp\/v2\/media?parent=169"}],"curies":[{"name":"wp","href":"https:\/\/api.w.org\/{rel}","templated":true}]}}